{"id":8868,"date":"2024-10-16T12:09:32","date_gmt":"2024-10-16T10:09:32","guid":{"rendered":"https:\/\/swmeran.it\/?page_id=8868"},"modified":"2024-10-16T15:25:32","modified_gmt":"2024-10-16T13:25:32","slug":"impressum","status":"publish","type":"page","link":"https:\/\/swmeran.it\/de\/impressum\/","title":{"rendered":"Impressum"},"content":{"rendered":"<h2>Kontakt<\/h2>\n<p>SW Meran AG<br \/>\nA. Brogliatistr. 12<br \/>\n39012 Meran<br \/>\nT +39 (0)473 283 000<br \/>\ninfo@asmmerano.it<br \/>\nPEC: <a href=\"mailto:asmmerano@pec.swmeran.it\">asmmerano@pec.swmeran.it<\/a><\/p>\n<p>Gesellschaftskapital: Euro 26.500.000,00 zur G\u00e4nze eingezahlt<br \/>\nHandelsreg.-\/Steuer-\/Mwst.-Nr. 01526780216<\/p>\n<h2>Copyright<\/h2>\n<p>Verantwortlich f\u00fcr den Inhalt: SW Meran AG<br \/>\nKonzept,\u00a0Realisierung &amp;\u00a0Hosting:\u00a0<a href=\"https:\/\/www.mercuriostudio.com\/\" target=\"_blank\" rel=\"noopener\">Mercurio Studio<\/a><br \/>\nWebdesign:\u00a0<a href=\"https:\/\/www.mercuriostudio.com\/\" target=\"_blank\" rel=\"noopener\">Mercurio Studio<\/a><\/p>\n<h2>Haftung<\/h2>\n<p>Trotz sorgf\u00e4ltiger inhaltlicher Kontrolle \u00fcbernehmen wir keine Haftung f\u00fcr die Inhalte externer Links. F\u00fcr den Inhalt der verlinkten Seiten sind ausschlie\u00dflich deren BetreiberInnen verantwortlich.<br \/>\nDie Dokumente, die Bilder, die Marken und s\u00e4mtliche auf dieser Homepage ver\u00f6ffentlichten und wiedergegebenen Inhalte stehen, unbeschadet m\u00f6glicher Hinweise auf die Rechte Dritter, im exklusiven Eigentum von SW Meran AG. Es kommen die Gesetze zum Schutz der Immaterialg\u00fcter zur Anwendung.<\/p>\n","protected":false},"excerpt":{"rendered":"<p>Kontakt SW Meran AG A. Brogliatistr. 12 39012 Meran T +39 (0)473 283 000 info@asmmerano.it PEC: asmmerano@pec.swmeran.it Gesellschaftskapital: Euro 26.500.000,00 zur G\u00e4nze eingezahlt Handelsreg.-\/Steuer-\/Mwst.-Nr. 01526780216 Copyright Verantwortlich f\u00fcr den Inhalt:&#8230;<\/p>\n","protected":false},"author":10,"featured_media":0,"parent":0,"menu_order":0,"comment_status":"closed","ping_status":"closed","template":"","meta":{"_acf_changed":false,"footnotes":""},"class_list":["post-8868","page","type-page","status-publish"],"acf":[],"_links":{"self":[{"href":"https:\/\/swmeran.it\/de\/wp-json\/wp\/v2\/pages\/8868","targetHints":{"allow":["GET"]}}],"collection":[{"href":"https:\/\/swmeran.it\/de\/wp-json\/wp\/v2\/pages"}],"about":[{"href":"https:\/\/swmeran.it\/de\/wp-json\/wp\/v2\/types\/page"}],"author":[{"embeddable":true,"href":"https:\/\/swmeran.it\/de\/wp-json\/wp\/v2\/users\/10"}],"replies":[{"embeddable":true,"href":"https:\/\/swmeran.it\/de\/wp-json\/wp\/v2\/comments?post=8868"}],"version-history":[{"count":4,"href":"https:\/\/swmeran.it\/de\/wp-json\/wp\/v2\/pages\/8868\/revisions"}],"predecessor-version":[{"id":8880,"href":"https:\/\/swmeran.it\/de\/wp-json\/wp\/v2\/pages\/8868\/revisions\/8880"}],"wp:attachment":[{"href":"https:\/\/swmeran.it\/de\/wp-json\/wp\/v2\/media?parent=8868"}],"curies":[{"name":"wp","href":"https:\/\/api.w.org\/{rel}","templated":true}]}}