{"id":5752,"date":"2024-02-23T12:26:28","date_gmt":"2024-02-23T11:26:28","guid":{"rendered":"https:\/\/swmeran.it\/?page_id=5752"},"modified":"2024-08-01T12:53:34","modified_gmt":"2024-08-01T10:53:34","slug":"privacy-cookie-policy-de","status":"publish","type":"page","link":"https:\/\/swmeran.it\/de\/privacy\/privacy-cookie-policy-de\/","title":{"rendered":"Privacy &#038; Cookie policy"},"content":{"rendered":"[vc_row type=&#8221;in_container&#8221; full_screen_row_position=&#8221;middle&#8221; column_margin=&#8221;default&#8221; column_direction=&#8221;default&#8221; column_direction_tablet=&#8221;default&#8221; column_direction_phone=&#8221;default&#8221; scene_position=&#8221;center&#8221; top_padding=&#8221;10%&#8221; text_color=&#8221;dark&#8221; text_align=&#8221;left&#8221; row_border_radius=&#8221;none&#8221; row_border_radius_applies=&#8221;bg&#8221; overflow=&#8221;visible&#8221; overlay_strength=&#8221;0.3&#8243; gradient_direction=&#8221;left_to_right&#8221; shape_divider_position=&#8221;bottom&#8221; bg_image_animation=&#8221;none&#8221; gradient_type=&#8221;default&#8221; shape_type=&#8221;&#8221;][vc_column column_padding=&#8221;no-extra-padding&#8221; column_padding_tablet=&#8221;inherit&#8221; column_padding_phone=&#8221;inherit&#8221; column_padding_position=&#8221;all&#8221; column_element_direction_desktop=&#8221;default&#8221; column_element_spacing=&#8221;default&#8221; desktop_text_alignment=&#8221;default&#8221; tablet_text_alignment=&#8221;default&#8221; phone_text_alignment=&#8221;default&#8221; background_color_opacity=&#8221;1&#8243; background_hover_color_opacity=&#8221;1&#8243; column_backdrop_filter=&#8221;none&#8221; column_shadow=&#8221;none&#8221; column_border_radius=&#8221;none&#8221; column_link_target=&#8221;_self&#8221; column_position=&#8221;default&#8221; gradient_direction=&#8221;left_to_right&#8221; overlay_strength=&#8221;0.3&#8243; width=&#8221;1\/1&#8243; tablet_width_inherit=&#8221;default&#8221; animation_type=&#8221;default&#8221; bg_image_animation=&#8221;none&#8221; border_type=&#8221;simple&#8221; column_border_width=&#8221;none&#8221; column_border_style=&#8221;solid&#8221;][vc_column_text]<b>DATENSCHUTZERKL\u00c4RUNG<\/b><\/p>\n<p>Gem\u00e4\u00df Art. 13 der Verordnung (EU) 2016\/679 (DSGVO) und der Ma\u00dfnahme Nr. 231 vom 10 Juni 2021 \u00fcber den Einsatz von Cookies informieren wir hiermit die Besucher der Website \u00fcber die Verwendung der \u00fcbermittelten Daten und der von der Website verwendeten Cookies. Die vorliegende Datenschutzerkl\u00e4rung entspricht auch der Empfehlung Nr. 2\/2001, die laut Artikel 29 der Richtlinie 95\/46\/EG eingesetzten Arbeitsgruppe angenommen wurde.<\/p>\n<p>Sie nimmt Bezug auf die Websites und Portale von\u00a0<b>Stadtwerke Meran AG\u00a0<\/b>nicht jedoch auf andere verlinkte Webseiten.<\/p>\n<h2><\/h2>\n<p><b>VERANTWORTLICHER<\/b><\/p>\n<p>Beim Besuch der Website k\u00f6nnen personenbezogene Daten oder sonstige mit dem Nutzer verkn\u00fcpfbare Daten verarbeitet werden, auch jene, die durch den Einsatz von Cookies erhoben werden. Der Verantwortliche ist\u00a0<b>Stadtwerke Meran AG\u00a0<\/b>mit Sitz in\u00a0A.-Brogliati-Stra\u00dfe, 12 \u2013 39012 Meran (BZ)<\/p>\n<p>Der Verantwortliche kann unter den folgenden Kontaktdaten erreicht werden:<\/p>\n<p><b>Tel<\/b>: 0473 283 000<\/p>\n<p><b>E- mail<\/b>:\u00a0<a href=\"mailto:info@swmeran.it\">info@swmeran.it<\/a><\/p>\n<p><b>Pec:<\/b>\u00a0asmmerano@pec.swmeran.it<\/p>\n<p><b>DATENSCHUTZBEAUFTRAGTER<\/b><\/p>\n<p><b>Stadtwerke Meran AG\u00a0<\/b>hat einen Datenschutzbeauftragten ernannt, der unter den folgenden Adressen erreichbar ist:<\/p>\n<p><b>E- mail<\/b>:\u00a0<a href=\"mailto:privacy@asmmerano.it\">privacy@asmmerano.it<\/a><\/p>\n<p><b>ZWECK UND MODALIT\u00c4TEN DER VERARBEITUNG<\/b><\/p>\n<h2><\/h2>\n<p><b>SURFDATEN\u00a0<\/b><\/p>\n<p>Die f\u00fcr den Betrieb dieser Website verwendeten Computersysteme und Softwareverfahren erfassen w\u00e4hrend ihres normalen Betriebs einige personenbezogene Daten, deren \u00dcbertragung implizit mit der Verwendung von Internet-Kommunikationsprotokollen erfolgt.<\/p>\n<p>Diese Informationen werden nicht erhoben, um identifizierten Personen zugeordnet zu werden, k\u00f6nnten aber aufgrund ihrer Art durch die Verarbeitung und Verkn\u00fcpfung mit im Besitz Dritter befindlicher Daten eine Identifizierung der Nutzer erm\u00f6glichen.<\/p>\n<p>Zu dieser Datenkategorie geh\u00f6ren IP-Adressen oder Dom\u00e4nennamen der von Nutzern zur Verbindung mit der Website verwendeten Computer, URI-Adressen (Uniform Resource Identifier) geografischer Standort (nur Land),\u00a0Sprache, in der die Website angezeigt wird und andere Parameter des Betriebssystems und der Computerumgebung.<\/p>\n<p>Diese Daten werden nur verwendet, um anonyme statistische Informationen \u00fcber die Nutzung der Website zu erhalten sowie deren einwandfreie Funktion zu \u00fcberpr\u00fcfen und werden unmittelbar nach der Verarbeitung gel\u00f6scht. Die Daten k\u00f6nnten zum Feststellen der Verantwortlichkeit im Falle anzunehmender Computerkriminalit\u00e4t zum Schaden der Website verwendet werden.<\/p>\n<h2><\/h2>\n<p><b>\u00dcBER DAS KONTAKTFORMULAR UND IN DEN ENTSPRECHENDEN ABSCHNITTEN ERFASSTE DATEN<\/b><\/p>\n<p>Diese Informationen beziehen sich auf vom Nutzer freiwillig zur Verf\u00fcgung gestellte Daten.<\/p>\n<ul>\n<li aria-level=\"1\"><b>KONTAKTSEITE<\/b>: Die angegebenen Daten werden ausschlie\u00dflich zur Bearbeitung Ihrer Anfrage verwendet. Die erhobenen Daten werden nur so lange aufbewahrt, wie es f\u00fcr die R\u00fcckmeldung erforderlich ist. Diese Verarbeitung erfolgt gem\u00e4\u00df der von Ihnen erteilten Einwilligung. Sollten Sie die Einwilligung zur Verarbeitung Ihrer Daten verweigern, kann Ihre Anfrage nicht bearbeitet werden. Alle sonstigen Zwecke im Zusammenhang mit Marketingaktivit\u00e4ten (Versand von Werbe- und\/oder Promotionsmaterial) bed\u00fcrfen der ausdr\u00fccklichen,\u00a0 gesondert erteilten Einwilligung.<\/li>\n<li aria-level=\"1\"><b>BERICHTE UND BESCHWERDEN \/ BRAUCHE EINEN TERMIN<\/b>: Die angegebenen Daten werden ausschlie\u00dflich zur Bearbeitung Ihrer Anfrage verwendet. Die erhobenen Daten werden nur so lange aufbewahrt, wie es f\u00fcr die R\u00fcckmeldung erforderlich ist. Diese Verarbeitung erfolgt gem\u00e4\u00df der von Ihnen erteilten Einwilligung. Sollten Sie die Einwilligung zur Verarbeitung Ihrer Daten verweigern, kann Ihre Anfrage nicht bearbeitet werden. Alle sonstigen Zwecke im Zusammenhang mit Marketingaktivit\u00e4ten (Versand von Werbe- und\/oder Promotionsmaterial) bed\u00fcrfen der ausdr\u00fccklichen,\u00a0 gesondert erteilten Einwilligung.<\/li>\n<li aria-level=\"1\"><b>LOGIN<\/b>:\u00a0Bereich f\u00fcr Benutzer mit einem Benutzernamen und einem Passwort. Das Portal, das f\u00fcr den Zugang zu diesem Bereich genutzt wird, hat eine eigene Datenschutzrichtlinie, da es nicht Teil der Website\u00a0\u00a0<a href=\"https:\/\/swmeran.e-bz.it\/\" target=\"_blank\" rel=\"noopener\">www.swmeran.e-bz.it<\/a>\u00a0ist.<\/li>\n<li aria-level=\"1\"><b>NEWSLETTER<\/b>: Die erhobenen Daten werden f\u00fcr den Versand von Informationsmaterial verwendet und f\u00fcr diesen Zweck aufbewahrt und verarbeitet, bis die betroffene Person einen Antrag auf L\u00f6schung\/Abmeldung \u00fcber die hierf\u00fcr vorgesehenen Kan\u00e4le stellt. Alle sonstigen Zwecke im Zusammenhang mit Marketingaktivit\u00e4ten (Versand von Werbe- und\/oder Promotionsmaterial) bed\u00fcrfen der ausdr\u00fccklichen, gesondert erteilten Einwilligung.<\/li>\n<\/ul>\n<ul>\n<li aria-level=\"1\"><b>ARBEITSANGEBOTE<\/b>: Ihre Daten werden f\u00fcr Rekrutierungs- und Auswahlzwecke verwendet. Ihre Daten d\u00fcrfen nur an Personen weitergegeben werden, die direkt f\u00fcr Aufgaben im Zusammenhang mit dem Auswahlverfahren und dem Arbeitsverh\u00e4ltnis zust\u00e4ndig sind, einschlie\u00dflich Dritter, beispielsweise Gewerkschaften, Unternehmen, die auf dem Gebiet der Personalauswahl, Arbeitsberatung, Datenverarbeitung, Ausbildung, Gesundheit und Sicherheit am Arbeitsplatz t\u00e4tig sind, sowie an eigens hierzu beauftragtes Personal der Einrichtung und an \u00f6ffentliche Verwaltungen und K\u00f6rperschaften im Zusammenhang mit der rechtlichen, wirtschaftlichen, Sozialversicherungs- und F\u00fcrsorgeposition des Arbeitnehmers. Ihre personenbezogenen Daten werden nur f\u00fcr den Zeitraum aufbewahrt, der zur Beurteilung Ihrer Position unbedingt erforderlich ist. Diese Verarbeitung erfolgt zur Ausf\u00fchrung vorvertraglicher Ma\u00dfnahmen, die auf Antrag der betroffenen Person getroffen werden.<\/li>\n<li aria-level=\"1\"><b>CHAT BOT<\/b>: F\u00fcr die Benutzung des Chats muss der Nutzer keine pers\u00f6nlichen Daten angeben. Die einzigen Informationen, die verarbeitet werden, sind die Daten, die der Nutzer spontan in den Chat eingibt, wie z.B. Anfragen nach Informationen oder Hilfestellung. Diese Verarbeitung erfolgt gem\u00e4\u00df der von Ihnen erteilten Einwilligung. Die erhobenen Daten werden nur so lange aufbewahrt, wie es f\u00fcr die R\u00fcckmeldung erforderlich ist.<\/li>\n<li aria-level=\"1\"><strong>CHAT:<\/strong> F\u00fcr die Nutzung des Chats ist der Benutzer nicht verpflichtet, pers\u00f6nliche Daten anzugeben, die er freiwillig in der Kommunikation mit dem Betreiber angeben kann. Es werden nur die IP-Adresse der Verbindung, Datum und Uhrzeit der Verbindung und andere Daten verarbeitet, die der Benutzer freiwillig in den Chat eingibt. Der Zweck der Verarbeitung besteht darin, dass der Benutzer Anfragen f\u00fcr Informationen oder Assistenz an den Verantwortlichen sendet. Die Rechtsgrundlage der Verarbeitung ist die Einwilligung, die der Benutzer durch seine freiwillige Aktivierung des Chats ausgedr\u00fcckt hat. In den vorstehend genannten F\u00e4llen erfolgt die Verarbeitung der personenbezogenen Daten auf Grundlage der spezifischen Einwilligung der betroffenen Person zum jeweiligen Zweck. Die ausbleibende Erteilung der Einwilligung oder die ausbleibende \u00dcbermittlung der Daten hat jedoch keine Auswirkungen auf die Inanspruchnahme der Dienstleistung. Die Verarbeitung der personenbezogenen Daten erfolgt durch geschultes und vom Verantwortlichen befugtes Personal mit Anwendung von Verfahren sowie technischen und computergest\u00fctzten Instrumenten, die geeignet sind, deren Vertraulichkeit und Sicherheit zu gew\u00e4hrleisten. Die Daten werden auch durch den Anbieter von Informations- und Kommunikationsdiensten der Website (die Firma ITS S.r.l.), den vom Verantwortlichen gem\u00e4\u00df Art. 28 des GDPR zum Auftragsverarbeiter ernannt wurde, verarbeitet.<\/li>\n<\/ul>\n<h2><\/h2>\n<p>Die oben genannten Verarbeitungsmodalit\u00e4ten werden rein computergest\u00fctzt durchgef\u00fchrt, schlie\u00dfen aber die Verarbeitung in Papierform nicht aus. Ihre Daten k\u00f6nnen an Personen weitergegeben werden, die als Empf\u00e4nger im Sinne von Art. 4 oder als Auftragsverarbeiter im Sinne von Art. 28 der DSGVO gelten und f\u00fcr Aufgaben zust\u00e4ndig sind, die der Bearbeitung Ihrer an uns gerichteten Anfrage dienen.<\/p>\n<h2><\/h2>\n<p><b>COOKIES UND PASSIVE IDENTIFIKATOREN<\/b><\/p>\n<p>Cookies sind kleine, in der Regel alphanumerische Textdateien, die beim Besuch einer Webseite im Speicher Ihres Browsers oder Ihres Ger\u00e4ts abgelegt und f\u00fcr die Dauer des Besuchs oder l\u00e4nger gespeichert werden k\u00f6nnen. Anhand dieser Cookies kann ein Server Sie nach dem Erstbesuch wiedererkennen.<\/p>\n<p>Ma\u00dfnahme Nr. 231 der italienischen Datenschutzbeh\u00f6rde vom 10. Juni 2021 gibt vor, dass technische Cookies und passive technische Identifikatoren keiner Zustimmung bed\u00fcrfen, da sie f\u00fcr den Betrieb der Website notwendig sind.<\/p>\n<p>Es handelt sich dabei um andere Tracking-Instrumente, die die gleiche Funktion wie Cookies haben, aber eine andere Technologie, da der Nutzer nicht \u00fcber eigenst\u00e4ndig funktionsf\u00e4hige Instrumente verf\u00fcgt, sondern zwangsl\u00e4ufig auf die Ma\u00dfnahmen des Eigent\u00fcmers zur\u00fcckgreifen muss. Letztere bedient sich n\u00e4mlich einer Lesetechnik, die nicht die Speicherung von Informationen im Ger\u00e4t des Nutzers voraussetzt, sondern die blo\u00dfe Beobachtung der Konfigurationen, die das Ger\u00e4t kennzeichnen und es identifizierbar machen, und deren Ergebnis in einem \u201eProfil\u201c festgehalten wird, das bei alleiniger Verf\u00fcgbarkeit des Verantwortlichen verbleibt, zu dem der Betroffene nat\u00fcrlich keinen freien und direkten Zugang hat und von dem er m\u00f6glicherweise nicht einmal im Voraus Kenntnis hat.<\/p>\n<p>F\u00fcr alle anderen Arten von Cookies und anderen passiven Identifikatoren k\u00f6nnen Sie jederzeit Ihre Zustimmung erteilen, widerrufen oder aktualisieren, indem Sie Ihre Einstellungen innerhalb des Banners gem\u00e4\u00df den unten beschriebenen Verfahren zur Aus\u00fcbung Ihrer Rechte vornehmen.<\/p>\n<p><b>M\u00d6GLICHKEITEN, DIE EINWILLIGUNG ZU COOKIES UND\/ODER PASSIVEN UNTECHNISCHEN IDENTIFIKATOREN AUSZUDR\u00dcCKEN, ZU WIDERRUFEN ODER ZU AKTUALISIEREN<\/b><\/p>\n<p>Beim ersten Besuch der Website kann der Nutzer der Verwendung von Cookies und\/oder anderen untechnischen passiven Identifikatoren zustimmen, indem er auf die Schaltfl\u00e4che \u201eAlle akzeptieren\u201c im Banner selbst klickt, oder die Zustimmung verweigern, indem er die Schaltfl\u00e4che\u00a0\u201eX\u201c\u00a0oder \u201eAlle ablehnen\u201c\u00a0w\u00e4hlt.<\/p>\n<p>Alternativ dazu k\u00f6nnen Sie jederzeit einzelne Cookie-Kategorien ausw\u00e4hlen oder deaktivieren und Ihre Wahl durch Anklicken des entsprechenden\u00a0Icons\u00a0(unten links)\u00a0oder unter\u00a0\u201eEinstellungen verwalten\u201c best\u00e4tigen.<\/p>\n<h2><\/h2>\n<p>Die Ablehnung der Verwendung von Cookies und \/ oder anderen passiven Identifikatoren hat keine Auswirkungen auf Ihren Zugriff auf die Website, mit der Ausnahme, dass Sie nicht auf die Funktionen oder Inhalte zugreifen k\u00f6nnen, bei denen solche Tracking-Tools zum Einsatz kommen.<\/p>\n<h2><\/h2>\n<p><b>\u00dcBERMITTLUNG PERSONENBEZOGENER DATEN AN DRITTL\u00c4NDER ODER AN INTERNATIONALE ORGANISATIONEN<\/b><\/p>\n<p>Wir achten darauf, dass die Datenverarbeitung auf dem EU-Gebiet stattfindet. Wenn dies aus technisch-organisatorischen Gr\u00fcnden nicht m\u00f6glich ist, unterst\u00fctzen wir eine Vorabpr\u00fcfung des Vorliegens der gesetzlich vorgeschriebenen Zul\u00e4ssigkeitsbedingungen.<\/p>\n<h2><\/h2>\n<p><b>AUTOMATISIERTE ENTSCHEIDUNGEN<\/b><\/p>\n<p>Der Verantwortliche verwendet keinerlei System zur automatisierten Entscheidungsfindung bez\u00fcglich Ihrer personenbezogenen Daten.<\/p>\n<h2><\/h2>\n<p><b>RECHTE DER BETROFFENEN PERSON\u00a0<\/b><\/p>\n<p>Sie haben jederzeit das Recht, vom Verantwortlichen Zugang zu Ihren Daten sowie deren Berichtigung oder L\u00f6schung zu verlangen. Sie erhalten innerhalb von 30 Tagen gegebenenfalls auch auf elektronischem Wege eine schriftliche R\u00fcckmeldung (sofern Sie nicht ausdr\u00fccklich eine m\u00fcndliche R\u00fcckmeldung w\u00fcnschen). Sie haben auch das Recht, die Einschr\u00e4nkung der Verarbeitung zu verlangen oder sie zu verweigern. Sie k\u00f6nnen au\u00dferdem die \u00dcbertragbarkeit Ihrer Daten an einen anderen Verantwortlichen beantragen. Sie k\u00f6nnen dar\u00fcber hinaus die auf dieser Website erteilten Einwilligungen jederzeit widerrufen. Um eine oder mehrere der erteilten Einwilligungen zu widerrufen, wenden Sie sich einfach an eine der oben genannten Adressen.<\/p>\n<p>Wenn Sie der Ansicht sind, dass Ihre Daten rechtswidrig verarbeitet wurden, haben Sie das Recht auf Beschwerde bei der Aufsichtsbeh\u00f6rde.[\/vc_column_text][\/vc_column][\/vc_row]\n","protected":false},"excerpt":{"rendered":"<p>[vc_row type=&#8221;in_container&#8221; full_screen_row_position=&#8221;middle&#8221; column_margin=&#8221;default&#8221; column_direction=&#8221;default&#8221; column_direction_tablet=&#8221;default&#8221; column_direction_phone=&#8221;default&#8221; scene_position=&#8221;center&#8221; top_padding=&#8221;10%&#8221; text_color=&#8221;dark&#8221; text_align=&#8221;left&#8221; row_border_radius=&#8221;none&#8221; row_border_radius_applies=&#8221;bg&#8221; overflow=&#8221;visible&#8221; overlay_strength=&#8221;0.3&#8243; gradient_direction=&#8221;left_to_right&#8221; shape_divider_position=&#8221;bottom&#8221; bg_image_animation=&#8221;none&#8221; gradient_type=&#8221;default&#8221; shape_type=&#8221;&#8221;][vc_column column_padding=&#8221;no-extra-padding&#8221; column_padding_tablet=&#8221;inherit&#8221; column_padding_phone=&#8221;inherit&#8221; column_padding_position=&#8221;all&#8221; column_element_direction_desktop=&#8221;default&#8221; column_element_spacing=&#8221;default&#8221; desktop_text_alignment=&#8221;default&#8221; tablet_text_alignment=&#8221;default&#8221; phone_text_alignment=&#8221;default&#8221; background_color_opacity=&#8221;1&#8243;&#8230;<\/p>\n","protected":false},"author":10,"featured_media":0,"parent":1301,"menu_order":0,"comment_status":"closed","ping_status":"closed","template":"","meta":{"_acf_changed":false,"footnotes":""},"class_list":["post-5752","page","type-page","status-publish"],"acf":[],"_links":{"self":[{"href":"https:\/\/swmeran.it\/de\/wp-json\/wp\/v2\/pages\/5752","targetHints":{"allow":["GET"]}}],"collection":[{"href":"https:\/\/swmeran.it\/de\/wp-json\/wp\/v2\/pages"}],"about":[{"href":"https:\/\/swmeran.it\/de\/wp-json\/wp\/v2\/types\/page"}],"author":[{"embeddable":true,"href":"https:\/\/swmeran.it\/de\/wp-json\/wp\/v2\/users\/10"}],"replies":[{"embeddable":true,"href":"https:\/\/swmeran.it\/de\/wp-json\/wp\/v2\/comments?post=5752"}],"version-history":[{"count":5,"href":"https:\/\/swmeran.it\/de\/wp-json\/wp\/v2\/pages\/5752\/revisions"}],"predecessor-version":[{"id":8242,"href":"https:\/\/swmeran.it\/de\/wp-json\/wp\/v2\/pages\/5752\/revisions\/8242"}],"up":[{"embeddable":true,"href":"https:\/\/swmeran.it\/de\/wp-json\/wp\/v2\/pages\/1301"}],"wp:attachment":[{"href":"https:\/\/swmeran.it\/de\/wp-json\/wp\/v2\/media?parent=5752"}],"curies":[{"name":"wp","href":"https:\/\/api.w.org\/{rel}","templated":true}]}}