{"id":5029,"date":"2024-01-10T16:27:08","date_gmt":"2024-01-10T15:27:08","guid":{"rendered":"https:\/\/swmeran.it\/?page_id=5029"},"modified":"2025-06-25T11:27:02","modified_gmt":"2025-06-25T09:27:02","slug":"schadstoffe","status":"publish","type":"page","link":"https:\/\/swmeran.it\/de\/dienstleistungen\/muellentsorgung-fuer-unternehmen\/schadstoffe\/","title":{"rendered":"Schadstoffe"},"content":{"rendered":"[vc_row type=&#8221;in_container&#8221; full_screen_row_position=&#8221;middle&#8221; column_margin=&#8221;default&#8221; column_direction=&#8221;default&#8221; column_direction_tablet=&#8221;default&#8221; column_direction_phone=&#8221;default&#8221; scene_position=&#8221;center&#8221; bottom_padding=&#8221;20px&#8221; text_color=&#8221;dark&#8221; text_align=&#8221;left&#8221; row_border_radius=&#8221;none&#8221; row_border_radius_applies=&#8221;bg&#8221; overflow=&#8221;visible&#8221; overlay_strength=&#8221;0.3&#8243; gradient_direction=&#8221;left_to_right&#8221; shape_divider_position=&#8221;bottom&#8221; bg_image_animation=&#8221;none&#8221; gradient_type=&#8221;default&#8221; shape_type=&#8221;&#8221;][vc_column column_padding=&#8221;no-extra-padding&#8221; column_padding_tablet=&#8221;inherit&#8221; column_padding_phone=&#8221;inherit&#8221; column_padding_position=&#8221;all&#8221; column_element_direction_desktop=&#8221;default&#8221; column_element_spacing=&#8221;default&#8221; desktop_text_alignment=&#8221;default&#8221; tablet_text_alignment=&#8221;default&#8221; phone_text_alignment=&#8221;default&#8221; background_color_opacity=&#8221;1&#8243; background_hover_color_opacity=&#8221;1&#8243; column_backdrop_filter=&#8221;none&#8221; column_shadow=&#8221;none&#8221; column_border_radius=&#8221;none&#8221; column_link_target=&#8221;_self&#8221; column_position=&#8221;default&#8221; gradient_direction=&#8221;left_to_right&#8221; overlay_strength=&#8221;0.3&#8243; width=&#8221;1\/1&#8243; tablet_width_inherit=&#8221;default&#8221; animation_type=&#8221;default&#8221; bg_image_animation=&#8221;none&#8221; border_type=&#8221;simple&#8221; column_border_width=&#8221;none&#8221; column_border_style=&#8221;solid&#8221;][divider line_type=&#8221;Full Width Line&#8221; line_thickness=&#8221;2&#8243; divider_color=&#8221;black&#8221; custom_height=&#8221;30px&#8221;][vc_column_text]\n<h1>Schadstoffe<\/h1>\n[\/vc_column_text][\/vc_column][\/vc_row][vc_row type=&#8221;in_container&#8221; full_screen_row_position=&#8221;middle&#8221; column_margin=&#8221;default&#8221; column_direction=&#8221;default&#8221; column_direction_tablet=&#8221;default&#8221; column_direction_phone=&#8221;default&#8221; scene_position=&#8221;center&#8221; bottom_padding=&#8221;20px&#8221; text_color=&#8221;dark&#8221; text_align=&#8221;left&#8221; row_border_radius=&#8221;none&#8221; row_border_radius_applies=&#8221;bg&#8221; overflow=&#8221;visible&#8221; overlay_strength=&#8221;0.3&#8243; gradient_direction=&#8221;left_to_right&#8221; shape_divider_position=&#8221;bottom&#8221; bg_image_animation=&#8221;none&#8221; gradient_type=&#8221;default&#8221; shape_type=&#8221;&#8221;][vc_column column_padding=&#8221;no-extra-padding&#8221; column_padding_tablet=&#8221;inherit&#8221; column_padding_phone=&#8221;inherit&#8221; column_padding_position=&#8221;all&#8221; column_element_direction_desktop=&#8221;default&#8221; column_element_spacing=&#8221;default&#8221; desktop_text_alignment=&#8221;default&#8221; tablet_text_alignment=&#8221;default&#8221; phone_text_alignment=&#8221;default&#8221; background_color_opacity=&#8221;1&#8243; background_hover_color_opacity=&#8221;1&#8243; column_backdrop_filter=&#8221;none&#8221; column_shadow=&#8221;none&#8221; column_border_radius=&#8221;none&#8221; column_link_target=&#8221;_self&#8221; column_position=&#8221;default&#8221; gradient_direction=&#8221;left_to_right&#8221; overlay_strength=&#8221;0.3&#8243; width=&#8221;1\/1&#8243; tablet_width_inherit=&#8221;default&#8221; animation_type=&#8221;default&#8221; bg_image_animation=&#8221;none&#8221; border_type=&#8221;simple&#8221; column_border_width=&#8221;none&#8221; column_border_style=&#8221;solid&#8221;][vc_column_text]\n<h3>Batterien<\/h3>\n<p>Radio- und Uhrenbatterien sowie Batterien f\u00fcr kleine Haushaltsger\u00e4te (Handy, Rasierapparat, Bohrer) beinhalten chemische toxische Stoffe (Chrom, Blei, Kupfer, Zink, vor allem aber Quecksilber, das Gef\u00e4hrlichste von allen). Diese Substanzen k\u00f6nnen tiefgreifend die Umwelt \u2013 besonders das Grundwasser \u2013 vergiften. Werfen Sie deshalb keine gebrauchten Batterien in den Hausm\u00fcllbeh\u00e4lter. Folgen Sie einer der nachstehenden Entsorgungsarten:<\/p>\n<ul>\n<li>eigene Beh\u00e4lter mit der \u00dcberschrift &#8220;BATTERIEN&#8221;, in der N\u00e4he von Gesch\u00e4ften;<\/li>\n<li>Recyclinghof in der Industriezone Lana.<\/li>\n<\/ul>\n[\/vc_column_text][\/vc_column][\/vc_row][vc_row type=&#8221;full_width_background&#8221; full_screen_row_position=&#8221;middle&#8221; column_margin=&#8221;default&#8221; column_direction=&#8221;default&#8221; column_direction_tablet=&#8221;default&#8221; column_direction_phone=&#8221;default&#8221; scene_position=&#8221;center&#8221; top_padding=&#8221;0&#8243; constrain_group_1=&#8221;yes&#8221; bottom_padding=&#8221;0&#8243; text_color=&#8221;dark&#8221; text_align=&#8221;left&#8221; row_border_radius=&#8221;none&#8221; row_border_radius_applies=&#8221;bg&#8221; overflow=&#8221;visible&#8221; overlay_strength=&#8221;0.3&#8243; gradient_direction=&#8221;left_to_right&#8221; shape_divider_position=&#8221;bottom&#8221; bg_image_animation=&#8221;none&#8221; gradient_type=&#8221;default&#8221; shape_type=&#8221;&#8221;][vc_column column_padding=&#8221;no-extra-padding&#8221; column_padding_tablet=&#8221;inherit&#8221; column_padding_phone=&#8221;inherit&#8221; column_padding_position=&#8221;all&#8221; column_element_direction_desktop=&#8221;default&#8221; column_element_spacing=&#8221;default&#8221; centered_text=&#8221;true&#8221; desktop_text_alignment=&#8221;default&#8221; tablet_text_alignment=&#8221;default&#8221; phone_text_alignment=&#8221;default&#8221; background_color=&#8221;#f0f0f0&#8243; background_color_opacity=&#8221;1&#8243; background_hover_color_opacity=&#8221;1&#8243; column_backdrop_filter=&#8221;none&#8221; column_shadow=&#8221;none&#8221; column_border_radius=&#8221;5px&#8221; column_link_target=&#8221;_self&#8221; column_position=&#8221;default&#8221; gradient_direction=&#8221;left_to_right&#8221; overlay_strength=&#8221;0.3&#8243; width=&#8221;1\/1&#8243; tablet_width_inherit=&#8221;default&#8221; animation_type=&#8221;default&#8221; bg_image_animation=&#8221;none&#8221; border_type=&#8221;simple&#8221; column_border_width=&#8221;1px&#8221; column_border_color=&#8221;#006efa&#8221; column_border_style=&#8221;solid&#8221; column_padding_type=&#8221;default&#8221; gradient_type=&#8221;default&#8221;][fancy_box box_style=&#8221;color_box_hover&#8221; icon_family=&#8221;none&#8221; color=&#8221;accent-color&#8221; color_box_hover_overlay_opacity=&#8221;default&#8221; box_alignment=&#8221;left&#8221; border_radius=&#8221;5px&#8221; image_loading=&#8221;default&#8221; min_height=&#8221;100&#8243;]\n<h5 style=\"text-align: center;\"><a href=\"https:\/\/swmeran.it\/wp-content\/uploads\/2024\/01\/Punti_di_raccolta_batterie_esauste_deu.pdf\" target=\"_blank\" rel=\"noopener\">Klicken Sie hier um alle Sammelstellen f\u00fcr leere Batterien in Meran zu finden<\/a><\/h5>\n[\/fancy_box][\/vc_column][\/vc_row][vc_row type=&#8221;in_container&#8221; full_screen_row_position=&#8221;middle&#8221; column_margin=&#8221;default&#8221; column_direction=&#8221;default&#8221; column_direction_tablet=&#8221;default&#8221; column_direction_phone=&#8221;default&#8221; scene_position=&#8221;center&#8221; bottom_padding=&#8221;20px&#8221; text_color=&#8221;dark&#8221; text_align=&#8221;left&#8221; row_border_radius=&#8221;none&#8221; row_border_radius_applies=&#8221;bg&#8221; overflow=&#8221;visible&#8221; overlay_strength=&#8221;0.3&#8243; gradient_direction=&#8221;left_to_right&#8221; shape_divider_position=&#8221;bottom&#8221; bg_image_animation=&#8221;none&#8221; gradient_type=&#8221;default&#8221; shape_type=&#8221;&#8221;][vc_column column_padding=&#8221;no-extra-padding&#8221; column_padding_tablet=&#8221;inherit&#8221; column_padding_phone=&#8221;inherit&#8221; column_padding_position=&#8221;all&#8221; column_element_direction_desktop=&#8221;default&#8221; column_element_spacing=&#8221;default&#8221; desktop_text_alignment=&#8221;default&#8221; tablet_text_alignment=&#8221;default&#8221; phone_text_alignment=&#8221;default&#8221; background_color_opacity=&#8221;1&#8243; background_hover_color_opacity=&#8221;1&#8243; column_backdrop_filter=&#8221;none&#8221; column_shadow=&#8221;none&#8221; column_border_radius=&#8221;none&#8221; column_link_target=&#8221;_self&#8221; column_position=&#8221;default&#8221; gradient_direction=&#8221;left_to_right&#8221; overlay_strength=&#8221;0.3&#8243; width=&#8221;1\/1&#8243; tablet_width_inherit=&#8221;default&#8221; animation_type=&#8221;default&#8221; bg_image_animation=&#8221;none&#8221; border_type=&#8221;simple&#8221; column_border_width=&#8221;none&#8221; column_border_style=&#8221;solid&#8221;][divider line_type=&#8221;No Line&#8221; custom_height=&#8221;50&#8243;][vc_column_text]Die gesammelten Batterien werden an autorisierte Anlagen f\u00fcr die \u201eentsch\u00e4rfende&#8221; Spezialbehandlung weitergeschickt.<\/p>\n<h3>Verfallene Medikamente<\/h3>\n<p>Was die nicht korrekte Entsorgung betrifft, sind verfallene Medikamente f\u00fcr die Umwelt genauso gef\u00e4hrlich wie Batterien. Geben Sie verfallene Medikamente bei Apotheken, beim Recyclinghof in der Industriezone Lana oder bei den Sammelstellen f\u00fcr Schadstoffe ab.<\/p>\n<h3>Produkte und deren Beh\u00e4lter mit den Symbolen \u201eT&#8221; (toxisch) oder \u201eF&#8221; (entz\u00fcndbar)<\/h3>\n<p>Die in diesen Produkten enthaltenen Stoffe sind sch\u00e4dlich und gef\u00e4hrlich f\u00fcr die lebenden Organismen und die gesamte Umwelt. Werfen Sie diese Beh\u00e4lter nie in den Hausm\u00fcll oder in den Abfluss (Waschbecken, WC, Kanalisation, usw.). Diese Produkte m\u00fcssen bei den Sammelstellen f\u00fcr Schadstoffe abgegeben werden.<\/p>\n<p><img decoding=\"async\" src=\"https:\/\/swmeran.it\/documents\/11555127\/11560935\/pericolosiita.gif\" alt=\"\" \/>[\/vc_column_text][vc_column_text]\n<h3>Sammlung von gef\u00e4hrlichen Hausabf\u00e4llen<\/h3>\n[\/vc_column_text][fancy_box box_style=&#8221;color_box_hover&#8221; icon_family=&#8221;none&#8221; link_new_tab=&#8221;true&#8221; color=&#8221;accent-color&#8221; color_box_hover_overlay_opacity=&#8221;default&#8221; box_alignment=&#8221;left&#8221; border_radius=&#8221;5px&#8221; image_loading=&#8221;default&#8221; min_height=&#8221;100&#8243; link_url=&#8221;https:\/\/swmeran.it\/wp-content\/uploads\/Modulistica\/RUP\/RACCOLTA-RIFIUTI-URBANI-PERICOLOSIR001912484.pdf&#8221;]\n<h5 style=\"text-align: center;\"><a href=\"https:\/\/swmeran.it\/wp-content\/uploads\/Modulistica\/RUP\/RACCOLTA-RIFIUTI-URBANI-PERICOLOSIR001912484.pdf\" target=\"_blank\" rel=\"noopener\">Klicken Sie hier um den Kalender der mobilen Sammlung von gef\u00e4hrlichen Hausabf\u00e4llen herunterzuladen<\/a><\/h5>\n[\/fancy_box][vc_column_text]\n<table style=\"clear: both;\" width=\"100%\" cellspacing=\"0\" cellpadding=\"0\">\n<tbody>\n<tr>\n<th align=\"left\">\u00a0Ja<\/th>\n<th align=\"left\">Ja<\/th>\n<\/tr>\n<tr>\n<td align=\"left\">Bleihaltige Batterien und Akkumulatoren (Autobatterien)<\/td>\n<td align=\"left\">G\u00e4rtnereiprodukte (Sch\u00e4dlingsbek\u00e4mpfungsmittel, M\u00e4usegift, Bakterizide, Unkrautvertilgungsmittel und Insektizide)<\/td>\n<\/tr>\n<tr>\n<td align=\"left\">Alkohol und Ammoniak, Sch\u00e4dlingsbek\u00e4mpfungsmittel<\/td>\n<td align=\"left\">Spraydosen (mit entz\u00fcndbarem Gas, mit CFC)<\/td>\n<\/tr>\n<tr>\n<td align=\"left\">Benzine, Bleichmittel, Klebstoffe, Lackl\u00f6sungsmittel, Desinfektionsmittel, D\u00fcnger<\/td>\n<td align=\"left\">Bleichmittel und Trichlorethylen<\/td>\n<\/tr>\n<tr>\n<td align=\"left\">Sirup, Tabletten, Flaschen, Pomaden (ohne Kartonbeh\u00e4lter) oder andere verfallene Medikamente<\/td>\n<td align=\"left\">Farben, Lacke, L\u00f6sungsmittel<\/td>\n<\/tr>\n<tr>\n<td align=\"left\">Zerbrochene Thermometer (sie enthalten Quecksilber, eine hoch-toxische Substanz, die behutsam zu entsorgen ist)<\/td>\n<td align=\"left\">Produkte f\u00fcr die Fotoentwicklung<\/td>\n<\/tr>\n<tr>\n<td align=\"left\">Spritzen (mit Nadelschutz), Spritzampullen, Desinfektionsmittel<\/td>\n<td align=\"left\">Reinigungsmittel<\/td>\n<\/tr>\n<tr>\n<td align=\"left\">Runde Batterien (f\u00fcr Leuchtbatterien, Radioapparat) oder rechteckige Batterien<\/td>\n<td align=\"left\">Glanzmittel<\/td>\n<\/tr>\n<tr>\n<td align=\"left\">Knopfbatterien (f\u00fcr Taschenrechner, Armbanduhren)<\/td>\n<td align=\"left\">Kosmetika, Kunstd\u00fcnger<\/td>\n<\/tr>\n<tr>\n<td align=\"left\">Haushaltsprodukte (Klebstoffe, Holzwachs, Azeton f\u00fcr Fingern\u00e4gel, Holzschutzmittel, Schuhkreme und Fleckentferner)<\/td>\n<td align=\"left\">Entladungslampen und Kathodenstrahlr\u00f6hre<\/td>\n<\/tr>\n<tr>\n<td align=\"left\">Baumarktprodukte<\/td>\n<td align=\"left\">Leere Tonerkartuschen (Tinte f\u00fcr Kopier-, Faxger\u00e4te und Drucker)<\/td>\n<\/tr>\n<tr>\n<td align=\"left\">Desinfektionsmittel<\/td>\n<td align=\"left\">Pflanzenschutzmittel<\/td>\n<\/tr>\n<tr>\n<td align=\"left\">Mineral\u00f6le, Motor\u00f6le und \u00d6lfilter<\/td>\n<td align=\"left\">Neonrohre und Spargl\u00fchbirnen<\/td>\n<\/tr>\n<tr>\n<td align=\"left\">Chlorwasserstoff, Schwefels\u00e4ure, Bleichmittel, Lacke, Laugen, Insektizide<\/td>\n<td align=\"left\"><\/td>\n<\/tr>\n<\/tbody>\n<\/table>\n[\/vc_column_text][\/vc_column][\/vc_row]\n","protected":false},"excerpt":{"rendered":"<p>[vc_row type=&#8221;in_container&#8221; full_screen_row_position=&#8221;middle&#8221; column_margin=&#8221;default&#8221; column_direction=&#8221;default&#8221; column_direction_tablet=&#8221;default&#8221; column_direction_phone=&#8221;default&#8221; scene_position=&#8221;center&#8221; bottom_padding=&#8221;20px&#8221; text_color=&#8221;dark&#8221; text_align=&#8221;left&#8221; row_border_radius=&#8221;none&#8221; row_border_radius_applies=&#8221;bg&#8221; overflow=&#8221;visible&#8221; overlay_strength=&#8221;0.3&#8243; gradient_direction=&#8221;left_to_right&#8221; shape_divider_position=&#8221;bottom&#8221; bg_image_animation=&#8221;none&#8221; gradient_type=&#8221;default&#8221; shape_type=&#8221;&#8221;][vc_column column_padding=&#8221;no-extra-padding&#8221; column_padding_tablet=&#8221;inherit&#8221; column_padding_phone=&#8221;inherit&#8221; column_padding_position=&#8221;all&#8221; column_element_direction_desktop=&#8221;default&#8221; column_element_spacing=&#8221;default&#8221; desktop_text_alignment=&#8221;default&#8221; tablet_text_alignment=&#8221;default&#8221; phone_text_alignment=&#8221;default&#8221; background_color_opacity=&#8221;1&#8243;&#8230;<\/p>\n","protected":false},"author":10,"featured_media":0,"parent":1092,"menu_order":0,"comment_status":"closed","ping_status":"closed","template":"","meta":{"_acf_changed":false,"footnotes":""},"class_list":["post-5029","page","type-page","status-publish"],"acf":[],"_links":{"self":[{"href":"https:\/\/swmeran.it\/de\/wp-json\/wp\/v2\/pages\/5029","targetHints":{"allow":["GET"]}}],"collection":[{"href":"https:\/\/swmeran.it\/de\/wp-json\/wp\/v2\/pages"}],"about":[{"href":"https:\/\/swmeran.it\/de\/wp-json\/wp\/v2\/types\/page"}],"author":[{"embeddable":true,"href":"https:\/\/swmeran.it\/de\/wp-json\/wp\/v2\/users\/10"}],"replies":[{"embeddable":true,"href":"https:\/\/swmeran.it\/de\/wp-json\/wp\/v2\/comments?post=5029"}],"version-history":[{"count":6,"href":"https:\/\/swmeran.it\/de\/wp-json\/wp\/v2\/pages\/5029\/revisions"}],"predecessor-version":[{"id":13001,"href":"https:\/\/swmeran.it\/de\/wp-json\/wp\/v2\/pages\/5029\/revisions\/13001"}],"up":[{"embeddable":true,"href":"https:\/\/swmeran.it\/de\/wp-json\/wp\/v2\/pages\/1092"}],"wp:attachment":[{"href":"https:\/\/swmeran.it\/de\/wp-json\/wp\/v2\/media?parent=5029"}],"curies":[{"name":"wp","href":"https:\/\/api.w.org\/{rel}","templated":true}]}}