{"id":5024,"date":"2024-01-10T16:35:36","date_gmt":"2024-01-10T16:35:36","guid":{"rendered":"https:\/\/swmeran.it\/?page_id=5024"},"modified":"2024-01-10T17:20:35","modified_gmt":"2024-01-10T17:20:35","slug":"glas","status":"publish","type":"page","link":"https:\/\/swmeran.it\/de\/dienstleistungen\/muellentsorgung-fuer-unternehmen\/glas\/","title":{"rendered":"Glas"},"content":{"rendered":"[vc_row type=&#8221;in_container&#8221; full_screen_row_position=&#8221;middle&#8221; column_margin=&#8221;default&#8221; column_direction=&#8221;default&#8221; column_direction_tablet=&#8221;default&#8221; column_direction_phone=&#8221;default&#8221; scene_position=&#8221;center&#8221; bottom_padding=&#8221;20px&#8221; text_color=&#8221;dark&#8221; text_align=&#8221;left&#8221; row_border_radius=&#8221;none&#8221; row_border_radius_applies=&#8221;bg&#8221; overflow=&#8221;visible&#8221; overlay_strength=&#8221;0.3&#8243; gradient_direction=&#8221;left_to_right&#8221; shape_divider_position=&#8221;bottom&#8221; bg_image_animation=&#8221;none&#8221; gradient_type=&#8221;default&#8221; shape_type=&#8221;&#8221;][vc_column column_padding=&#8221;no-extra-padding&#8221; column_padding_tablet=&#8221;inherit&#8221; column_padding_phone=&#8221;inherit&#8221; column_padding_position=&#8221;all&#8221; column_element_direction_desktop=&#8221;default&#8221; column_element_spacing=&#8221;default&#8221; desktop_text_alignment=&#8221;default&#8221; tablet_text_alignment=&#8221;default&#8221; phone_text_alignment=&#8221;default&#8221; background_color_opacity=&#8221;1&#8243; background_hover_color_opacity=&#8221;1&#8243; column_backdrop_filter=&#8221;none&#8221; column_shadow=&#8221;none&#8221; column_border_radius=&#8221;none&#8221; column_link_target=&#8221;_self&#8221; column_position=&#8221;default&#8221; gradient_direction=&#8221;left_to_right&#8221; overlay_strength=&#8221;0.3&#8243; width=&#8221;1\/1&#8243; tablet_width_inherit=&#8221;default&#8221; animation_type=&#8221;default&#8221; bg_image_animation=&#8221;none&#8221; border_type=&#8221;simple&#8221; column_border_width=&#8221;none&#8221; column_border_style=&#8221;solid&#8221;][divider line_type=&#8221;Full Width Line&#8221; line_thickness=&#8221;2&#8243; divider_color=&#8221;black&#8221; custom_height=&#8221;30px&#8221;][vc_column_text]\n<h1>Glas<\/h1>\n[\/vc_column_text][\/vc_column][\/vc_row][vc_row type=&#8221;in_container&#8221; full_screen_row_position=&#8221;middle&#8221; column_margin=&#8221;default&#8221; column_direction=&#8221;default&#8221; column_direction_tablet=&#8221;default&#8221; column_direction_phone=&#8221;default&#8221; scene_position=&#8221;center&#8221; bottom_padding=&#8221;20px&#8221; text_color=&#8221;dark&#8221; text_align=&#8221;left&#8221; row_border_radius=&#8221;none&#8221; row_border_radius_applies=&#8221;bg&#8221; overflow=&#8221;visible&#8221; overlay_strength=&#8221;0.3&#8243; gradient_direction=&#8221;left_to_right&#8221; shape_divider_position=&#8221;bottom&#8221; bg_image_animation=&#8221;none&#8221; gradient_type=&#8221;default&#8221; shape_type=&#8221;&#8221;][vc_column column_padding=&#8221;no-extra-padding&#8221; column_padding_tablet=&#8221;inherit&#8221; column_padding_phone=&#8221;inherit&#8221; column_padding_position=&#8221;all&#8221; column_element_direction_desktop=&#8221;default&#8221; column_element_spacing=&#8221;default&#8221; desktop_text_alignment=&#8221;default&#8221; tablet_text_alignment=&#8221;default&#8221; phone_text_alignment=&#8221;default&#8221; background_color_opacity=&#8221;1&#8243; background_hover_color_opacity=&#8221;1&#8243; column_backdrop_filter=&#8221;none&#8221; column_shadow=&#8221;none&#8221; column_border_radius=&#8221;none&#8221; column_link_target=&#8221;_self&#8221; column_position=&#8221;default&#8221; gradient_direction=&#8221;left_to_right&#8221; overlay_strength=&#8221;0.3&#8243; width=&#8221;1\/1&#8243; tablet_width_inherit=&#8221;default&#8221; animation_type=&#8221;default&#8221; bg_image_animation=&#8221;none&#8221; border_type=&#8221;simple&#8221; column_border_width=&#8221;none&#8221; column_border_style=&#8221;solid&#8221;][vc_column_text]Glasflaschen kommen leer, ausgesp\u00fclt und ohne Verschluss in die gr\u00fcnen Glocken der Wertstoffinseln oder zum Recyclinghof in der Industriezone Lana.<\/p>\n<p>Den Plastiksack, in dem Sie die Flaschen zur Glocke gebracht haben, k\u00f6nnen Sie in den n\u00e4chsten Abfalleimer werfen.<br \/>\nEs ist ratsam, das Glas nicht in den Nachtstunden zu entsorgen. Diese eher laute Entsorgungsart k\u00f6nnte die n\u00e4chtliche Ruhe der Anrainer st\u00f6ren.<br \/>\nGlasscheiben, Fensterscheiben, Spiegel, beschichtete Glasscheiben werden ausschlie\u00dflich beim Recyclinghof in der Industriezone Lana kostenlos angenommen.<br \/>\nJe reiner das Glas, desto billiger die Wiederverwertungskosten und h\u00f6her die Glasqualit\u00e4t.<br \/>\nEs ist daher \u00e4u\u00dferst wichtig, in die gr\u00fcnen Glocken ausschlie\u00dflich Glas zu werfen. Ein Teller oder eine Kaffeetasse haben eine viel h\u00f6here Schmelztemperatur. Wirft man sie in die gr\u00fcne Glocke zum Glas, kann eine gesamte Ladung wiederverwertbaren Materials verdorben werden.<br \/>\nAuf keinen Fall geh\u00f6ren Neonr\u00f6hren oder Gl\u00fchbirnen in die gr\u00fcne Glocke.<br \/>\n[\/vc_column_text][\/vc_column][\/vc_row][vc_row type=&#8221;full_width_background&#8221; full_screen_row_position=&#8221;middle&#8221; column_margin=&#8221;default&#8221; column_direction=&#8221;default&#8221; column_direction_tablet=&#8221;default&#8221; column_direction_phone=&#8221;default&#8221; scene_position=&#8221;center&#8221; top_padding=&#8221;0&#8243; constrain_group_1=&#8221;yes&#8221; bottom_padding=&#8221;0&#8243; text_color=&#8221;dark&#8221; text_align=&#8221;left&#8221; row_border_radius=&#8221;none&#8221; row_border_radius_applies=&#8221;bg&#8221; overflow=&#8221;visible&#8221; overlay_strength=&#8221;0.3&#8243; gradient_direction=&#8221;left_to_right&#8221; shape_divider_position=&#8221;bottom&#8221; bg_image_animation=&#8221;none&#8221; gradient_type=&#8221;default&#8221; shape_type=&#8221;&#8221;][vc_column column_padding=&#8221;no-extra-padding&#8221; column_padding_tablet=&#8221;inherit&#8221; column_padding_phone=&#8221;inherit&#8221; column_padding_position=&#8221;all&#8221; column_element_direction_desktop=&#8221;default&#8221; column_element_spacing=&#8221;default&#8221; centered_text=&#8221;true&#8221; desktop_text_alignment=&#8221;default&#8221; tablet_text_alignment=&#8221;default&#8221; phone_text_alignment=&#8221;default&#8221; background_color=&#8221;#f0f0f0&#8243; background_color_opacity=&#8221;1&#8243; background_hover_color_opacity=&#8221;1&#8243; column_backdrop_filter=&#8221;none&#8221; column_shadow=&#8221;none&#8221; column_border_radius=&#8221;5px&#8221; column_link_target=&#8221;_self&#8221; column_position=&#8221;default&#8221; gradient_direction=&#8221;left_to_right&#8221; overlay_strength=&#8221;0.3&#8243; width=&#8221;1\/2&#8243; tablet_width_inherit=&#8221;default&#8221; animation_type=&#8221;default&#8221; bg_image_animation=&#8221;none&#8221; border_type=&#8221;simple&#8221; column_border_width=&#8221;1px&#8221; column_border_color=&#8221;#006efa&#8221; column_border_style=&#8221;solid&#8221; column_padding_type=&#8221;default&#8221; gradient_type=&#8221;default&#8221;][fancy_box box_style=&#8221;color_box_hover&#8221; icon_family=&#8221;none&#8221; color=&#8221;accent-color&#8221; color_box_hover_overlay_opacity=&#8221;default&#8221; box_alignment=&#8221;left&#8221; border_radius=&#8221;5px&#8221; image_loading=&#8221;default&#8221; min_height=&#8221;100&#8243;]\n<h5 style=\"text-align: center;\">Werstoffinseln<\/h5>\n[\/fancy_box][\/vc_column][vc_column column_padding=&#8221;no-extra-padding&#8221; column_padding_tablet=&#8221;inherit&#8221; column_padding_phone=&#8221;inherit&#8221; column_padding_position=&#8221;all&#8221; column_element_direction_desktop=&#8221;default&#8221; column_element_spacing=&#8221;default&#8221; centered_text=&#8221;true&#8221; desktop_text_alignment=&#8221;default&#8221; tablet_text_alignment=&#8221;default&#8221; phone_text_alignment=&#8221;default&#8221; background_color=&#8221;#f0f0f0&#8243; background_color_opacity=&#8221;1&#8243; background_hover_color_opacity=&#8221;1&#8243; column_backdrop_filter=&#8221;none&#8221; column_shadow=&#8221;none&#8221; column_border_radius=&#8221;5px&#8221; column_link_target=&#8221;_self&#8221; column_position=&#8221;default&#8221; gradient_direction=&#8221;left_to_right&#8221; overlay_strength=&#8221;0.3&#8243; width=&#8221;1\/2&#8243; tablet_width_inherit=&#8221;default&#8221; animation_type=&#8221;default&#8221; bg_image_animation=&#8221;none&#8221; border_type=&#8221;simple&#8221; column_border_width=&#8221;1px&#8221; column_border_color=&#8221;#006efa&#8221; column_border_style=&#8221;solid&#8221; column_padding_type=&#8221;default&#8221; gradient_type=&#8221;default&#8221;][fancy_box box_style=&#8221;color_box_hover&#8221; icon_family=&#8221;none&#8221; color=&#8221;accent-color&#8221; color_box_hover_overlay_opacity=&#8221;default&#8221; box_alignment=&#8221;left&#8221; border_radius=&#8221;5px&#8221; image_loading=&#8221;default&#8221; min_height=&#8221;100&#8243;]\n<h5 style=\"text-align: center;\">Recyclinghof<\/h5>\n[\/fancy_box][\/vc_column][\/vc_row][vc_row type=&#8221;in_container&#8221; full_screen_row_position=&#8221;middle&#8221; column_margin=&#8221;default&#8221; column_direction=&#8221;default&#8221; column_direction_tablet=&#8221;default&#8221; column_direction_phone=&#8221;default&#8221; scene_position=&#8221;center&#8221; bottom_padding=&#8221;20px&#8221; text_color=&#8221;dark&#8221; text_align=&#8221;left&#8221; row_border_radius=&#8221;none&#8221; row_border_radius_applies=&#8221;bg&#8221; overflow=&#8221;visible&#8221; overlay_strength=&#8221;0.3&#8243; gradient_direction=&#8221;left_to_right&#8221; shape_divider_position=&#8221;bottom&#8221; bg_image_animation=&#8221;none&#8221; gradient_type=&#8221;default&#8221; shape_type=&#8221;&#8221;][vc_column column_padding=&#8221;no-extra-padding&#8221; column_padding_tablet=&#8221;inherit&#8221; column_padding_phone=&#8221;inherit&#8221; column_padding_position=&#8221;all&#8221; column_element_direction_desktop=&#8221;default&#8221; column_element_spacing=&#8221;default&#8221; desktop_text_alignment=&#8221;default&#8221; tablet_text_alignment=&#8221;default&#8221; phone_text_alignment=&#8221;default&#8221; background_color_opacity=&#8221;1&#8243; background_hover_color_opacity=&#8221;1&#8243; column_backdrop_filter=&#8221;none&#8221; column_shadow=&#8221;none&#8221; column_border_radius=&#8221;none&#8221; column_link_target=&#8221;_self&#8221; column_position=&#8221;default&#8221; gradient_direction=&#8221;left_to_right&#8221; overlay_strength=&#8221;0.3&#8243; width=&#8221;1\/1&#8243; tablet_width_inherit=&#8221;default&#8221; animation_type=&#8221;default&#8221; bg_image_animation=&#8221;none&#8221; border_type=&#8221;simple&#8221; column_border_width=&#8221;none&#8221; column_border_style=&#8221;solid&#8221;][divider line_type=&#8221;No Line&#8221; custom_height=&#8221;50&#8243;][vc_column_text]\nWiederverwertung<br \/>\nDas gesammelte Glas wird an die Sortierungs- und Aufbewahrungslager weitergeschickt, wo es je nach Farbe und Qualit\u00e4t getrennt, zerkleinert, von Metall-, Papier- und Plastikteilen befreit und gereinigt wird. Erst dann kann das Material an die Glaserei weitergeschickt werden. Dort wird es mit anderem Rohglas geschmolzen und es entstehen neue Produkte.<br \/>\nWussten Sie, dass&#8230;<br \/>\nman bei der Produktion einer Tonne Glas mit einer H\u00e4lfte Rohglas und einer H\u00e4lfte Altglas, bis zu einem Drittel der Energie sparen kann?<br \/>\nBesser<br \/>\nsind Getr\u00e4nke und Lebensmittel in der Mehrwegflasche mit Pfand: Diese landen nicht im M\u00fcll und Sie beeinflussen auf Dauer \u2013 durch Ihr umweltbewusstes Verhalten \u2013 die kommerziellen Entscheidungen der Produktionsfirmen.<\/p>\n<p>&nbsp;<\/p>\n<table style=\"clear: both;\" width=\"100%\" cellspacing=\"0\" cellpadding=\"0\">\n<tbody>\n<tr>\n<th align=\"left\">\u00a0Ja<\/th>\n<th align=\"left\">Nein<\/th>\n<\/tr>\n<tr>\n<td align=\"left\">Glasflaschen (ohne Metallverschluss, leer und ausgesp\u00fclt)<\/td>\n<td align=\"left\">Fensterscheiben<\/td>\n<\/tr>\n<tr>\n<td align=\"left\">Gl\u00e4ser (ohne Metalldeckel)<\/td>\n<td align=\"left\">Teller, Porzellan- oder Tonbecher und -tassen<\/td>\n<\/tr>\n<tr>\n<td align=\"left\">Trinkgl\u00e4ser<\/td>\n<td align=\"left\">Spiegel und Glasscheiben (werden beim Recyclinghof in der Industriezone Lana entsorgt)<\/td>\n<\/tr>\n<tr>\n<td align=\"left\">Verschiedene, auch zerbrochene Gl\u00e4ser<\/td>\n<td align=\"left\">Feuerfeste Glasschalen<\/td>\n<\/tr>\n<tr>\n<td align=\"left\"><\/td>\n<td align=\"left\">Neonr\u00f6hren und Gl\u00fchbirnen<\/td>\n<\/tr>\n<tr>\n<td align=\"left\"><\/td>\n<td align=\"left\">Gegenst\u00e4nde, die nicht in die Glocke passen (z.B. Korbflaschen)<\/td>\n<\/tr>\n<tr>\n<td align=\"left\"><\/td>\n<td align=\"left\">Beh\u00e4lter mit den Symbolen \u201eT&#8221; (toxisch) o \u201eF&#8221; (brennbar)<\/td>\n<\/tr>\n<\/tbody>\n<\/table>\n[\/vc_column_text][\/vc_column][\/vc_row][vc_row type=&#8221;in_container&#8221; full_screen_row_position=&#8221;middle&#8221; column_margin=&#8221;default&#8221; column_direction=&#8221;default&#8221; column_direction_tablet=&#8221;default&#8221; column_direction_phone=&#8221;default&#8221; scene_position=&#8221;center&#8221; text_color=&#8221;dark&#8221; text_align=&#8221;left&#8221; row_border_radius=&#8221;none&#8221; row_border_radius_applies=&#8221;bg&#8221; overflow=&#8221;visible&#8221; overlay_strength=&#8221;0.3&#8243; gradient_direction=&#8221;left_to_right&#8221; shape_divider_position=&#8221;bottom&#8221; bg_image_animation=&#8221;none&#8221;][vc_column column_padding=&#8221;no-extra-padding&#8221; column_padding_tablet=&#8221;inherit&#8221; column_padding_phone=&#8221;inherit&#8221; column_padding_position=&#8221;all&#8221; column_element_direction_desktop=&#8221;default&#8221; column_element_spacing=&#8221;default&#8221; desktop_text_alignment=&#8221;default&#8221; tablet_text_alignment=&#8221;default&#8221; phone_text_alignment=&#8221;default&#8221; background_color_opacity=&#8221;1&#8243; background_hover_color_opacity=&#8221;1&#8243; column_backdrop_filter=&#8221;none&#8221; column_shadow=&#8221;none&#8221; column_border_radius=&#8221;none&#8221; column_link_target=&#8221;_self&#8221; column_position=&#8221;default&#8221; gradient_direction=&#8221;left_to_right&#8221; overlay_strength=&#8221;0.3&#8243; width=&#8221;1\/1&#8243; tablet_width_inherit=&#8221;default&#8221; animation_type=&#8221;default&#8221; bg_image_animation=&#8221;none&#8221; border_type=&#8221;simple&#8221; column_border_width=&#8221;none&#8221; column_border_style=&#8221;solid&#8221;][nectar_global_section id=&#8221;318&#8243;][\/vc_column][\/vc_row]\n","protected":false},"excerpt":{"rendered":"<p>[vc_row type=&#8221;in_container&#8221; full_screen_row_position=&#8221;middle&#8221; column_margin=&#8221;default&#8221; column_direction=&#8221;default&#8221; column_direction_tablet=&#8221;default&#8221; column_direction_phone=&#8221;default&#8221; scene_position=&#8221;center&#8221; bottom_padding=&#8221;20px&#8221; text_color=&#8221;dark&#8221; text_align=&#8221;left&#8221; row_border_radius=&#8221;none&#8221; row_border_radius_applies=&#8221;bg&#8221; overflow=&#8221;visible&#8221; overlay_strength=&#8221;0.3&#8243; gradient_direction=&#8221;left_to_right&#8221; shape_divider_position=&#8221;bottom&#8221; bg_image_animation=&#8221;none&#8221; gradient_type=&#8221;default&#8221; shape_type=&#8221;&#8221;][vc_column column_padding=&#8221;no-extra-padding&#8221; column_padding_tablet=&#8221;inherit&#8221; column_padding_phone=&#8221;inherit&#8221; column_padding_position=&#8221;all&#8221; column_element_direction_desktop=&#8221;default&#8221; column_element_spacing=&#8221;default&#8221; desktop_text_alignment=&#8221;default&#8221; tablet_text_alignment=&#8221;default&#8221; phone_text_alignment=&#8221;default&#8221; background_color_opacity=&#8221;1&#8243;&#8230;<\/p>\n","protected":false},"author":10,"featured_media":0,"parent":1092,"menu_order":0,"comment_status":"closed","ping_status":"closed","template":"","meta":{"_acf_changed":false,"footnotes":""},"class_list":["post-5024","page","type-page","status-publish"],"acf":[],"_links":{"self":[{"href":"https:\/\/swmeran.it\/de\/wp-json\/wp\/v2\/pages\/5024","targetHints":{"allow":["GET"]}}],"collection":[{"href":"https:\/\/swmeran.it\/de\/wp-json\/wp\/v2\/pages"}],"about":[{"href":"https:\/\/swmeran.it\/de\/wp-json\/wp\/v2\/types\/page"}],"author":[{"embeddable":true,"href":"https:\/\/swmeran.it\/de\/wp-json\/wp\/v2\/users\/10"}],"replies":[{"embeddable":true,"href":"https:\/\/swmeran.it\/de\/wp-json\/wp\/v2\/comments?post=5024"}],"version-history":[{"count":1,"href":"https:\/\/swmeran.it\/de\/wp-json\/wp\/v2\/pages\/5024\/revisions"}],"predecessor-version":[{"id":5025,"href":"https:\/\/swmeran.it\/de\/wp-json\/wp\/v2\/pages\/5024\/revisions\/5025"}],"up":[{"embeddable":true,"href":"https:\/\/swmeran.it\/de\/wp-json\/wp\/v2\/pages\/1092"}],"wp:attachment":[{"href":"https:\/\/swmeran.it\/de\/wp-json\/wp\/v2\/media?parent=5024"}],"curies":[{"name":"wp","href":"https:\/\/api.w.org\/{rel}","templated":true}]}}