{"id":1323,"date":"2023-11-06T19:55:41","date_gmt":"2023-11-06T19:55:41","guid":{"rendered":"https:\/\/swmeran.it\/societa-trasparente\/"},"modified":"2023-12-09T18:05:20","modified_gmt":"2023-12-09T18:05:20","slug":"transparentes-unternehmen","status":"publish","type":"page","link":"https:\/\/swmeran.it\/de\/transparentes-unternehmen\/","title":{"rendered":"Transparentes Unternehmen"},"content":{"rendered":"[vc_row type=&#8221;full_width_background&#8221; full_screen_row_position=&#8221;middle&#8221; column_margin=&#8221;default&#8221; column_direction=&#8221;default&#8221; column_direction_tablet=&#8221;default&#8221; column_direction_phone=&#8221;default&#8221; scene_position=&#8221;center&#8221; bottom_padding=&#8221;8%&#8221; text_color=&#8221;dark&#8221; text_align=&#8221;left&#8221; row_border_radius=&#8221;none&#8221; row_border_radius_applies=&#8221;bg&#8221; overflow=&#8221;visible&#8221; id=&#8221;asm-societa-trasparente&#8221; overlay_strength=&#8221;0.3&#8243; gradient_direction=&#8221;left_to_right&#8221; shape_divider_position=&#8221;bottom&#8221; bg_image_animation=&#8221;none&#8221; gradient_type=&#8221;default&#8221; shape_type=&#8221;&#8221;][vc_column column_padding=&#8221;padding-2-percent&#8221; column_padding_tablet=&#8221;inherit&#8221; column_padding_phone=&#8221;inherit&#8221; column_padding_position=&#8221;all&#8221; column_element_direction_desktop=&#8221;default&#8221; column_element_spacing=&#8221;default&#8221; desktop_text_alignment=&#8221;default&#8221; tablet_text_alignment=&#8221;default&#8221; phone_text_alignment=&#8221;default&#8221; background_color_opacity=&#8221;1&#8243; background_hover_color_opacity=&#8221;1&#8243; column_backdrop_filter=&#8221;none&#8221; column_shadow=&#8221;none&#8221; column_border_radius=&#8221;none&#8221; column_link_target=&#8221;_self&#8221; column_position=&#8221;default&#8221; gradient_direction=&#8221;left_to_right&#8221; overlay_strength=&#8221;0.3&#8243; width=&#8221;1\/3&#8243; tablet_width_inherit=&#8221;default&#8221; animation_type=&#8221;default&#8221; bg_image_animation=&#8221;none&#8221; border_type=&#8221;simple&#8221; column_border_width=&#8221;none&#8221; column_border_style=&#8221;solid&#8221;][vc_column_text]<h3>Zusammenfassung<\/h3><ul><li><a href=\"#disposizioni-generali\">Allgemeine Bestimmungen<\/a><\/li><li><a href=\"#organizzazione\">Organisation<\/a><\/li><li><a href=\"#consulenti-e-collaboratori\">Berater und Mitarbeiter<\/a><\/li><li><a href=\"#personale\">Personal<\/a><\/li><li><a href=\"#bandi-di-concorso\">Wettbewerbsbekanntmachung<\/a><\/li><li><a href=\"#performance\">Performance<\/a><\/li><li><a href=\"#enti-controllati\">Kontrollierte K\u00f6rperschaften<\/a><\/li><li><a href=\"#attivita-e-procedimenti\">T\u00e4tigkeiten und Verfahren<\/a><\/li><li><a href=\"#provvedimenti\">Ma\u00dfnahmen<\/a><\/li><li><a href=\"#bandi-di-gara-e-contratti\">Ausschreibungen und Vertr\u00e4ge<\/a><\/li><li><a href=\"#sovvenzioni-contributi-sussidi-vantaggi-economici\">Subventionen, Beitr\u00e4ge, Zusch\u00fcsse und wirtschaftliche Verg\u00fcnstigungen<\/a><\/li><li><a href=\"#bilanci\">Haushalt<\/a><\/li><li><a href=\"#beni-immobili-e-gestione-patrimonio\">Liegenschaften und Verm\u00f6gensverwaltung<\/a><\/li><li><a href=\"#controlli-e-rilievi-sullamministrazione\">Kontrollen und \u00dcberpr\u00fcfungen der Verwaltung<\/a><\/li><li><a href=\"#servizi-erogati\">Erbrachte Dienstleistungen<\/a><\/li><li><a href=\"#pagamenti-dell-amministrazione\">Zahlungen der Verwaltung<\/a><\/li><li><a href=\"#opere-pubbliche\">\u00d6ffentliche Bauten<\/a><\/li><li><a href=\"#pianificazione-e-governo-del-territorio\">Planung und Raumordnung<\/a><\/li><li><a href=\"#informazioni-ambientali\">Umweltinformationen<\/a><\/li><li><a href=\"#strutture-sanitarie-private-accreditate\">Anerkannte private Gesundheitseinrichtungen<\/a><\/li><li><a href=\"#interventi-straordinari-e-di-emergenza\">Au\u00dferordentliche Ma\u00dfnahmen und Notf\u00e4lle<\/a><\/li><li><a href=\"#altri-contenuti\">Weitere Inhalte<\/a><\/li><li><a href=\"#dati-non-piu-soggetti-a-pubblicazione-obbligatoria\">Daten nicht mehr verpflichtet zur obligatorischen Ver\u00f6ffentlichung<\/a><\/li><\/ul>[\/vc_column_text][\/vc_column][vc_column column_padding=&#8221;padding-2-percent&#8221; column_padding_tablet=&#8221;inherit&#8221; column_padding_phone=&#8221;inherit&#8221; column_padding_position=&#8221;all&#8221; column_element_direction_desktop=&#8221;default&#8221; column_element_spacing=&#8221;default&#8221; desktop_text_alignment=&#8221;default&#8221; tablet_text_alignment=&#8221;default&#8221; phone_text_alignment=&#8221;default&#8221; background_color_opacity=&#8221;1&#8243; background_hover_color_opacity=&#8221;1&#8243; column_backdrop_filter=&#8221;none&#8221; column_shadow=&#8221;none&#8221; column_border_radius=&#8221;none&#8221; column_link_target=&#8221;_self&#8221; column_position=&#8221;default&#8221; gradient_direction=&#8221;left_to_right&#8221; overlay_strength=&#8221;0.3&#8243; width=&#8221;2\/3&#8243; tablet_width_inherit=&#8221;default&#8221; animation_type=&#8221;default&#8221; bg_image_animation=&#8221;none&#8221; border_type=&#8221;simple&#8221; column_border_width=&#8221;none&#8221; column_border_style=&#8221;solid&#8221;][vc_column_text]\n<style type=\"text\/css\">\n.at-tableclass {padding:0px 0px 0px 5px;position:relative;min-width: 200px;}\n\n.at-tableclass h3 a { text-decoration:none; cursor: default; }\n.at-tableclass h3 {  border: 1px solid #eee; padding: 8px 10px; background: #FBFBFB; }\n.at-tableclass ul li a { text-decoration: none; }\n.at-number { float: right;\n  border-radius: 20px;\n  background-color: white;\n  height: 20px;\n  width: 20px;\n  border: 1px solid #eee;\n  text-align: center;\n  font-size: 0.8em;\n  font-weight: bold; }\n<\/style>\n<!-- Generato con il Plugin Wordpress Amministrazione Trasparente v.9.1--><div class=\"at-tableclass\" id=\"at-s-1\"><h3><a id=\"disposizioni-generali\" href=\"#disposizioni-generali\">Allgemeine Bestimmungen<\/a><\/h3>[nectar_global_section id=\"6269\"]<ul><li ><a href=\"https:\/\/swmeran.it\/de\/trasparenza\/atti-generali\/\" title=\"Allgemeine Urkunden\">Allgemeine Urkunden<\/a><\/li><li ><a href=\"https:\/\/swmeran.it\/de\/trasparenza\/piano-triennale-per-la-prevenzione-della-corruzione-e-della-trasparenza\/\" title=\"Dreij\u00e4hriger Plan f\u00fcr Korruptionsvermeidung und Transparenz\">Dreij\u00e4hriger Plan f\u00fcr Korruptionsvermeidung und Transparenz<\/a><\/li><\/ul><\/div><div class=\"clear\"><\/div><div class=\"at-tableclass\" id=\"at-s-2\"><h3><a id=\"organizzazione\" href=\"#organizzazione\">Organisation<\/a><\/h3>[nectar_global_section id=\"6282\"]<ul><li ><a href=\"https:\/\/swmeran.it\/de\/trasparenza\/articolazione-degli-uffici\/\" title=\"Gliederung der \u00c4mter\">Gliederung der \u00c4mter<\/a><\/li><li ><a href=\"https:\/\/swmeran.it\/de\/trasparenza\/sanzioni-per-mancata-comunicazione-dei-dati\/\" title=\"Strafen f\u00fcr die fehlende Mitteilung von Daten\">Strafen f\u00fcr die fehlende Mitteilung von Daten<\/a><\/li><li ><a href=\"https:\/\/swmeran.it\/de\/trasparenza\/telefono-e-posta-elettronica\/\" title=\"Telefon und E-Mail\">Telefon und E-Mail<\/a><\/li><li ><a href=\"https:\/\/swmeran.it\/de\/trasparenza\/titolari-di-incarichi-politici-di-amministrazione-di-direzione-o-di-governo\/\" title=\"Daten der politischen Organe, \u00f6ffentlichen Verwaltungs- und Leitungsorgane\">Daten der politischen Organe, \u00f6ffentlichen Verwaltungs- und Leitungsorgane<\/a><\/li><\/ul><\/div><div class=\"clear\"><\/div><div class=\"at-tableclass\" id=\"at-s-3\"><h3><a id=\"consulenti-e-collaboratori\" href=\"#consulenti-e-collaboratori\">Berater und Mitarbeiter<\/a><\/h3>[nectar_global_section id=\"6284\"]<ul><li ><a href=\"https:\/\/swmeran.it\/de\/trasparenza\/titolari-di-incarichi-di-collaborazione-o-consulenza\/\" title=\"Inhaber von Auftr\u00e4gen f\u00fcr Mitarbeit und Beratung\">Inhaber von Auftr\u00e4gen f\u00fcr Mitarbeit und Beratung<\/a><\/li><\/ul><\/div><div class=\"clear\"><\/div><div class=\"at-tableclass\" id=\"at-s-4\"><h3><a id=\"personale\" href=\"#personale\">Personal<\/a><\/h3>[nectar_global_section id=\"6286\"]<ul><li ><a href=\"https:\/\/swmeran.it\/de\/trasparenza\/contrattazione-collettiva\/\" title=\"Kollektivvertragsverhandlungen\">Kollektivvertragsverhandlungen<\/a><\/li><li ><a href=\"https:\/\/swmeran.it\/de\/trasparenza\/contrattazione-integrativa\/\" title=\"Erg\u00e4nzende Vertr\u00e4ge\">Erg\u00e4nzende Vertr\u00e4ge<\/a><\/li><li ><a href=\"https:\/\/swmeran.it\/de\/trasparenza\/dirigenti-cessati\/\" title=\"Ausgeschiedene F\u00fchrungskr\u00e4fte\">Ausgeschiedene F\u00fchrungskr\u00e4fte<\/a><\/li><li ><a href=\"https:\/\/swmeran.it\/de\/trasparenza\/dotazione-organica\/\" title=\"Stellenplan\">Stellenplan<\/a><\/li><li ><a href=\"https:\/\/swmeran.it\/de\/trasparenza\/incarichi-conferiti-e-autorizzati-ai-dipendenti-dirigenti-e-non-dirigenti\/\" title=\"An die Bediensteten erteilte und erm\u00e4chtigte Auftr\u00e4ge\">An die Bediensteten erteilte und erm\u00e4chtigte Auftr\u00e4ge<\/a><\/li><li ><a href=\"https:\/\/swmeran.it\/de\/trasparenza\/personale-non-a-tempo-indeterminato\/\" title=\"Personal mit nicht unbefristetem Arbeitsvertrag\">Personal mit nicht unbefristetem Arbeitsvertrag<\/a><\/li><li ><a href=\"https:\/\/swmeran.it\/de\/trasparenza\/tassi-di-assenza\/\" title=\"Abwesenheitsquote\">Abwesenheitsquote<\/a><\/li><li ><a href=\"https:\/\/swmeran.it\/de\/trasparenza\/titolari-di-incarichi-dirigenziali-amministrativi-di-vertice\/\" title=\"Inhaber von F\u00fchrungsauftr\u00e4gen auf h\u00f6chster Ebene\">Inhaber von F\u00fchrungsauftr\u00e4gen auf h\u00f6chster Ebene<\/a><\/li><\/ul><\/div><div class=\"clear\"><\/div><div class=\"at-tableclass\" id=\"at-s-5\"><h3><a id=\"bandi-di-concorso\" href=\"#bandi-di-concorso\">Wettbewerbsbekanntmachung<\/a><\/h3>[nectar_global_section id=\"6288\"]<ul><li ><a href=\"https:\/\/swmeran.it\/de\/trasparenza\/bandi-di-selezione\/\" title=\"Personalauswahl\">Personalauswahl<\/a><\/li><\/ul><\/div><div class=\"clear\"><\/div><div class=\"at-tableclass\" id=\"at-s-6\"><h3><a id=\"performance\" href=\"#performance\">Performance<\/a><\/h3>[nectar_global_section id=\"6290\"]<ul><li ><a href=\"https:\/\/swmeran.it\/de\/trasparenza\/ammontare-complessivo-dei-premi\/\" title=\"Gesamte H\u00f6he der Pr\u00e4mien\">Gesamte H\u00f6he der Pr\u00e4mien<\/a><\/li><\/ul><\/div><div class=\"clear\"><\/div><div class=\"at-tableclass\" id=\"at-s-7\"><h3><a id=\"enti-controllati\" href=\"#enti-controllati\">Kontrollierte K\u00f6rperschaften<\/a><\/h3>[nectar_global_section id=\"6292\"]<ul><li ><a href=\"https:\/\/swmeran.it\/de\/trasparenza\/enti-di-diritto-privato-controllati\/\" title=\"Kontrollierte privatrechtliche K\u00f6rperschaften\">Kontrollierte privatrechtliche K\u00f6rperschaften<\/a><\/li><li ><a href=\"https:\/\/swmeran.it\/de\/trasparenza\/enti-pubblici-vigilati\/\" title=\"Beaufsichtigte \u00f6ffentliche K\u00f6rperschaften\">Beaufsichtigte \u00f6ffentliche K\u00f6rperschaften<\/a><\/li><li ><a href=\"https:\/\/swmeran.it\/de\/trasparenza\/rappresentazione-grafica\/\" title=\"Grafische Darstellung\">Grafische Darstellung<\/a><\/li><li ><a href=\"https:\/\/swmeran.it\/de\/trasparenza\/societa-partecipate\/\" title=\"Beteiligungen\">Beteiligungen<\/a><\/li><\/ul><\/div><div class=\"clear\"><\/div><div class=\"at-tableclass\" id=\"at-s-8\"><h3><a id=\"attivita-e-procedimenti\" href=\"#attivita-e-procedimenti\">T\u00e4tigkeiten und Verfahren<\/a><\/h3>[nectar_global_section id=\"6294\"]<ul><li ><a href=\"https:\/\/swmeran.it\/de\/trasparenza\/tipologie-di-procedimento\/\" title=\"Verfahrensarten\">Verfahrensarten<\/a><\/li><\/ul><\/div><div class=\"clear\"><\/div><div class=\"at-tableclass\" id=\"at-s-9\"><h3><a id=\"provvedimenti\" href=\"#provvedimenti\">Ma\u00dfnahmen<\/a><\/h3>[nectar_global_section id=\"6296\"]<ul><li ><a href=\"https:\/\/swmeran.it\/de\/trasparenza\/provvedimenti-dirigenti\/\" title=\"Ma\u00dfnahmen\">Ma\u00dfnahmen<\/a><\/li><li ><a href=\"https:\/\/swmeran.it\/de\/trasparenza\/provvedimenti-organi-indirizzo-politico\/\" title=\"Ma\u00dfnahmen der politischen Organe\">Ma\u00dfnahmen der politischen Organe<\/a><\/li><\/ul><\/div><div class=\"clear\"><\/div><div class=\"at-tableclass\" id=\"at-s-10\"><h3><a id=\"bandi-di-gara-e-contratti\" href=\"#bandi-di-gara-e-contratti\">Ausschreibungen und Vertr\u00e4ge<\/a><\/h3>[nectar_global_section id=\"6298\"]<ul><li ><a href=\"https:\/\/swmeran.it\/de\/trasparenza\/atti-delle-amministrazioni-aggiudicatrici-e-degli-enti-aggiudicatori-distintamente-per-ogni-procedura\/\" title=\"Akte der \u00f6ffentlichen Auftraggeber und der Auftraggebenden K\u00f6rperschaften gesondert nach Verfahren\">Akte der \u00f6ffentlichen Auftraggeber und der Auftraggebenden K\u00f6rperschaften gesondert nach Verfahren<\/a><\/li><li ><a href=\"https:\/\/swmeran.it\/de\/trasparenza\/informazioni-sulle-singole-procedure-in-formato-tabellare\/\" title=\"Informationen zu den einzelnen Verfahren in Tabellenform\">Informationen zu den einzelnen Verfahren in Tabellenform<\/a><\/li><li ><a href=\"https:\/\/swmeran.it\/de\/trasparenza\/sezione-per-le-procedure-pubblicate-successivamente-all-1-1-2024\/\" title=\"Ausschreibungen und Vertr\u00e4ge ab dem 01.01.2024\">Ausschreibungen und Vertr\u00e4ge ab dem 01.01.2024<\/a><\/li><li ><a href=\"https:\/\/swmeran.it\/de\/trasparenza\/bandi-in-corso\/\" title=\"Aktuelle Ausschreibungen\">Aktuelle Ausschreibungen<\/a><\/li><\/ul><\/div><div class=\"clear\"><\/div><div class=\"at-tableclass\" id=\"at-s-11\"><h3><a id=\"sovvenzioni-contributi-sussidi-vantaggi-economici\" href=\"#sovvenzioni-contributi-sussidi-vantaggi-economici\">Subventionen, Beitr\u00e4ge, Zusch\u00fcsse und wirtschaftliche Verg\u00fcnstigungen<\/a><\/h3>[nectar_global_section id=\"6300\"]<ul><li ><a href=\"https:\/\/swmeran.it\/de\/trasparenza\/atti-di-concessione\/\" title=\"Akte in Bezug auf Zusch\u00fcsse\">Akte in Bezug auf Zusch\u00fcsse<\/a><\/li><li ><a href=\"https:\/\/swmeran.it\/de\/trasparenza\/criteri-e-modalita\/\" title=\"Kriterien und Modalit\u00e4ten\">Kriterien und Modalit\u00e4ten<\/a><\/li><\/ul><\/div><div class=\"clear\"><\/div><div class=\"at-tableclass\" id=\"at-s-12\"><h3><a id=\"bilanci\" href=\"#bilanci\">Haushalt<\/a><\/h3>[nectar_global_section id=\"6302\"]<ul><li ><a href=\"https:\/\/swmeran.it\/de\/trasparenza\/bilancio-preventivo-e-consuntivo\/\" title=\"Haushaltsvoranschlag und Rechnungslegung\">Haushaltsvoranschlag und Rechnungslegung<\/a><\/li><\/ul><\/div><div class=\"clear\"><\/div><div class=\"at-tableclass\" id=\"at-s-13\"><h3><a id=\"beni-immobili-e-gestione-patrimonio\" href=\"#beni-immobili-e-gestione-patrimonio\">Liegenschaften und Verm\u00f6gensverwaltung<\/a><\/h3>[nectar_global_section id=\"6304\"]<ul><li ><a href=\"https:\/\/swmeran.it\/de\/trasparenza\/immobili\/\" title=\"Aktivmieten und Passivmieten\">Aktivmieten und Passivmieten<\/a><\/li><li ><a href=\"https:\/\/swmeran.it\/de\/trasparenza\/patrimonio-immobiliare\/\" title=\"Immobilienverm\u00f6gen\">Immobilienverm\u00f6gen<\/a><\/li><\/ul><\/div><div class=\"clear\"><\/div><div class=\"at-tableclass\" id=\"at-s-14\"><h3><a id=\"controlli-e-rilievi-sullamministrazione\" href=\"#controlli-e-rilievi-sullamministrazione\">Kontrollen und \u00dcberpr\u00fcfungen der Verwaltung<\/a><\/h3>[nectar_global_section id=\"6306\"]<ul><li ><a href=\"https:\/\/swmeran.it\/de\/trasparenza\/corte-dei-conti\/\" title=\"Rechnungshof\">Rechnungshof<\/a><\/li><li ><a href=\"https:\/\/swmeran.it\/de\/trasparenza\/oiv\/\" title=\"Unabh\u00e4ngige Kontrollorgane\">Unabh\u00e4ngige Kontrollorgane<\/a><\/li><li ><a href=\"https:\/\/swmeran.it\/de\/trasparenza\/organi-di-revisione-amministrativa-e-contabile\/\" title=\"Verwaltungs-und Rechnungspr\u00fcfungsorgane\">Verwaltungs-und Rechnungspr\u00fcfungsorgane<\/a><\/li><\/ul><\/div><div class=\"clear\"><\/div><div class=\"at-tableclass\" id=\"at-s-15\"><h3><a id=\"servizi-erogati\" href=\"#servizi-erogati\">Erbrachte Dienstleistungen<\/a><\/h3>[nectar_global_section id=\"6308\"]<ul><li ><a href=\"https:\/\/swmeran.it\/de\/trasparenza\/carta-dei-servizi-e-standard-di-qualita\/\" title=\"Beschreibung der Dienste, Leistungen und Qualt\u00e4tsstandards\">Beschreibung der Dienste, Leistungen und Qualt\u00e4tsstandards<\/a><\/li><li ><a href=\"https:\/\/swmeran.it\/de\/trasparenza\/class-action\/\" title=\"Sammelklagen\">Sammelklagen<\/a><\/li><li ><a href=\"https:\/\/swmeran.it\/de\/trasparenza\/servizi-in-rete\/\" title=\"Online-Dienste\">Online-Dienste<\/a><\/li><\/ul><\/div><div class=\"clear\"><\/div><div class=\"at-tableclass\" id=\"at-s-16\"><h3><a id=\"pagamenti-dell-amministrazione\" href=\"#pagamenti-dell-amministrazione\">Zahlungen der Verwaltung<\/a><\/h3>[nectar_global_section id=\"6310\"]<ul><li ><a href=\"https:\/\/swmeran.it\/de\/trasparenza\/dati-sui-pagamenti\/\" title=\"Daten zu den Zahlungen\">Daten zu den Zahlungen<\/a><\/li><li ><a href=\"https:\/\/swmeran.it\/de\/trasparenza\/iban-e-pagamenti-informatici\/\" title=\"IBAN und elektronische Zahlungen\">IBAN und elektronische Zahlungen<\/a><\/li><li ><a href=\"https:\/\/swmeran.it\/de\/trasparenza\/indicatore-di-tempestivita-dei-pagamenti\/\" title=\"Indikator zum Zahlungsverhalten der Verwaltung\">Indikator zum Zahlungsverhalten der Verwaltung<\/a><\/li><\/ul><\/div><div class=\"clear\"><\/div><div class=\"at-tableclass\" id=\"at-s-17\"><h3><a id=\"opere-pubbliche\" href=\"#opere-pubbliche\">\u00d6ffentliche Bauten<\/a><\/h3>[nectar_global_section id=\"6312\"]<ul><li ><a href=\"https:\/\/swmeran.it\/de\/trasparenza\/atti-di-programmazione-delle-opere-pubbliche\/\" title=\"Planungsakte der \u00f6ffentlichen Bauten\">Planungsakte der \u00f6ffentlichen Bauten<\/a><\/li><\/ul><\/div><div class=\"clear\"><\/div><div class=\"at-tableclass\" id=\"at-s-18\"><h3><a id=\"pianificazione-e-governo-del-territorio\" href=\"#pianificazione-e-governo-del-territorio\">Planung und Raumordnung<\/a><\/h3>[nectar_global_section id=\"6314\"]<ul><\/ul><\/div><div class=\"clear\"><\/div><div class=\"at-tableclass\" id=\"at-s-19\"><h3><a id=\"informazioni-ambientali\" href=\"#informazioni-ambientali\">Umweltinformationen<\/a><\/h3>[nectar_global_section id=\"6316\"]<ul><li ><a href=\"https:\/\/swmeran.it\/de\/trasparenza\/informazioni-ambientali\/\" title=\"Umweltinformationen\">Umweltinformationen<\/a><\/li><\/ul><\/div><div class=\"clear\"><\/div><div class=\"at-tableclass\" id=\"at-s-20\"><h3><a id=\"strutture-sanitarie-private-accreditate\" href=\"#strutture-sanitarie-private-accreditate\">Anerkannte private Gesundheitseinrichtungen<\/a><\/h3>[nectar_global_section id=\"6318\"]<ul><\/ul><\/div><div class=\"clear\"><\/div><div class=\"at-tableclass\" id=\"at-s-21\"><h3><a id=\"interventi-straordinari-e-di-emergenza\" href=\"#interventi-straordinari-e-di-emergenza\">Au\u00dferordentliche Ma\u00dfnahmen und Notf\u00e4lle<\/a><\/h3>[nectar_global_section id=\"6320\"]<ul><\/ul><\/div><div class=\"clear\"><\/div><div class=\"at-tableclass\" id=\"at-s-22\"><h3><a id=\"altri-contenuti\" href=\"#altri-contenuti\">Weitere Inhalte<\/a><\/h3>[nectar_global_section id=\"6322\"]<ul><li ><a href=\"https:\/\/swmeran.it\/de\/trasparenza\/accesso-civico\/\" title=\"\u00d6ffentlicher Zugang\">\u00d6ffentlicher Zugang<\/a><\/li><li ><a href=\"https:\/\/swmeran.it\/de\/trasparenza\/prevenzione-della-corruzione\/\" title=\"Vermeidung der Korruption\">Vermeidung der Korruption<\/a><\/li><\/ul><\/div><div class=\"clear\"><\/div><div class=\"at-tableclass\" id=\"at-s-23\"><h3><a id=\"dati-non-piu-soggetti-a-pubblicazione-obbligatoria\" href=\"#dati-non-piu-soggetti-a-pubblicazione-obbligatoria\">Daten nicht mehr verpflichtet zur obligatorischen Ver\u00f6ffentlichung<\/a><\/h3>[nectar_global_section id=\"6324\"]<ul><li ><a href=\"https:\/\/swmeran.it\/de\/trasparenza\/attestazioni-oiv-o-di-struttura-analoga\/\" title=\"Best\u00e4tigungen der Pr\u00fcfstelle\">Best\u00e4tigungen der Pr\u00fcfstelle<\/a><\/li><\/ul><\/div><div class=\"clear\"><\/div><div class=\"clear\"><\/div>[\/vc_column_text][\/vc_column][\/vc_row]\n","protected":false},"excerpt":{"rendered":"<p>[vc_row type=&#8221;full_width_background&#8221; full_screen_row_position=&#8221;middle&#8221; column_margin=&#8221;default&#8221; column_direction=&#8221;default&#8221; column_direction_tablet=&#8221;default&#8221; column_direction_phone=&#8221;default&#8221; scene_position=&#8221;center&#8221; bottom_padding=&#8221;8%&#8221; text_color=&#8221;dark&#8221; text_align=&#8221;left&#8221; row_border_radius=&#8221;none&#8221; row_border_radius_applies=&#8221;bg&#8221; overflow=&#8221;visible&#8221; id=&#8221;asm-societa-trasparente&#8221; overlay_strength=&#8221;0.3&#8243; gradient_direction=&#8221;left_to_right&#8221; shape_divider_position=&#8221;bottom&#8221; bg_image_animation=&#8221;none&#8221; gradient_type=&#8221;default&#8221; shape_type=&#8221;&#8221;][vc_column column_padding=&#8221;padding-2-percent&#8221; column_padding_tablet=&#8221;inherit&#8221; column_padding_phone=&#8221;inherit&#8221; column_padding_position=&#8221;all&#8221; column_element_direction_desktop=&#8221;default&#8221; column_element_spacing=&#8221;default&#8221; desktop_text_alignment=&#8221;default&#8221; tablet_text_alignment=&#8221;default&#8221; phone_text_alignment=&#8221;default&#8221;&#8230;<\/p>\n","protected":false},"author":10,"featured_media":0,"parent":0,"menu_order":0,"comment_status":"closed","ping_status":"closed","template":"","meta":{"_acf_changed":false,"footnotes":""},"class_list":["post-1323","page","type-page","status-publish"],"acf":[],"_links":{"self":[{"href":"https:\/\/swmeran.it\/de\/wp-json\/wp\/v2\/pages\/1323","targetHints":{"allow":["GET"]}}],"collection":[{"href":"https:\/\/swmeran.it\/de\/wp-json\/wp\/v2\/pages"}],"about":[{"href":"https:\/\/swmeran.it\/de\/wp-json\/wp\/v2\/types\/page"}],"author":[{"embeddable":true,"href":"https:\/\/swmeran.it\/de\/wp-json\/wp\/v2\/users\/10"}],"replies":[{"embeddable":true,"href":"https:\/\/swmeran.it\/de\/wp-json\/wp\/v2\/comments?post=1323"}],"version-history":[{"count":2,"href":"https:\/\/swmeran.it\/de\/wp-json\/wp\/v2\/pages\/1323\/revisions"}],"predecessor-version":[{"id":1325,"href":"https:\/\/swmeran.it\/de\/wp-json\/wp\/v2\/pages\/1323\/revisions\/1325"}],"wp:attachment":[{"href":"https:\/\/swmeran.it\/de\/wp-json\/wp\/v2\/media?parent=1323"}],"curies":[{"name":"wp","href":"https:\/\/api.w.org\/{rel}","templated":true}]}}