{"id":1315,"date":"2023-11-06T19:55:22","date_gmt":"2023-11-06T18:55:22","guid":{"rendered":"https:\/\/swmeran.it\/amministrazione\/"},"modified":"2024-06-07T15:18:13","modified_gmt":"2024-06-07T13:18:13","slug":"verwaltung","status":"publish","type":"page","link":"https:\/\/swmeran.it\/de\/verwaltung\/","title":{"rendered":"Verwaltung"},"content":{"rendered":"[vc_row type=&#8221;full_width_background&#8221; full_screen_row_position=&#8221;middle&#8221; column_margin=&#8221;default&#8221; column_direction=&#8221;default&#8221; column_direction_tablet=&#8221;default&#8221; column_direction_phone=&#8221;default&#8221; bg_color=&#8221;#f0f0f0&#8243; scene_position=&#8221;center&#8221; top_padding=&#8221;5%&#8221; bottom_padding=&#8221;8%&#8221; top_padding_phone=&#8221;40px&#8221; text_color=&#8221;dark&#8221; text_align=&#8221;center&#8221; row_border_radius=&#8221;none&#8221; row_border_radius_applies=&#8221;bg&#8221; overflow=&#8221;visible&#8221; overlay_strength=&#8221;0.3&#8243; gradient_direction=&#8221;left_to_right&#8221; shape_divider_position=&#8221;bottom&#8221; bg_image_animation=&#8221;none&#8221; gradient_type=&#8221;default&#8221; shape_type=&#8221;&#8221;][vc_column column_padding=&#8221;no-extra-padding&#8221; column_padding_tablet=&#8221;inherit&#8221; column_padding_phone=&#8221;inherit&#8221; column_padding_position=&#8221;all&#8221; column_element_direction_desktop=&#8221;default&#8221; column_element_spacing=&#8221;default&#8221; desktop_text_alignment=&#8221;default&#8221; tablet_text_alignment=&#8221;default&#8221; phone_text_alignment=&#8221;default&#8221; background_color_opacity=&#8221;1&#8243; background_hover_color_opacity=&#8221;1&#8243; column_backdrop_filter=&#8221;none&#8221; column_shadow=&#8221;none&#8221; column_border_radius=&#8221;none&#8221; column_link_target=&#8221;_self&#8221; column_position=&#8221;default&#8221; gradient_direction=&#8221;left_to_right&#8221; overlay_strength=&#8221;0.3&#8243; width=&#8221;1\/1&#8243; tablet_width_inherit=&#8221;default&#8221; animation_type=&#8221;default&#8221; bg_image_animation=&#8221;none&#8221; border_type=&#8221;simple&#8221; column_border_width=&#8221;none&#8221; column_border_style=&#8221;solid&#8221;][vc_column_text max_width=&#8221;700&#8243;]\n<h3 style=\"text-align: left;\">Die Stadtwerke Meran AG, ein st\u00e4dtisches Unternehmen der Stadt Meran, ist im Stadtgebiet f\u00fcr die folgenden Dienstleistungen zust\u00e4ndig:<\/h3>\n[\/vc_column_text][vc_row_inner column_margin=&#8221;default&#8221; column_direction=&#8221;default&#8221; column_direction_tablet=&#8221;default&#8221; column_direction_phone=&#8221;default&#8221; top_padding=&#8221;5%&#8221; left_padding_desktop=&#8221;10%&#8221; constrain_group_2=&#8221;yes&#8221; right_padding_desktop=&#8221;10%&#8221; left_padding_phone=&#8221;0px&#8221; constrain_group_6=&#8221;yes&#8221; right_padding_phone=&#8221;0px&#8221; text_align=&#8221;left&#8221; row_position=&#8221;default&#8221; row_position_tablet=&#8221;inherit&#8221; row_position_phone=&#8221;inherit&#8221; overflow=&#8221;visible&#8221; pointer_events=&#8221;all&#8221;][vc_column_inner column_padding=&#8221;no-extra-padding&#8221; column_padding_tablet=&#8221;inherit&#8221; column_padding_phone=&#8221;inherit&#8221; column_padding_position=&#8221;all&#8221; column_element_direction_desktop=&#8221;default&#8221; column_element_spacing=&#8221;default&#8221; desktop_text_alignment=&#8221;default&#8221; tablet_text_alignment=&#8221;default&#8221; phone_text_alignment=&#8221;default&#8221; background_color_opacity=&#8221;1&#8243; background_hover_color_opacity=&#8221;1&#8243; column_backdrop_filter=&#8221;none&#8221; column_shadow=&#8221;none&#8221; column_border_radius=&#8221;none&#8221; column_link_target=&#8221;_self&#8221; overflow=&#8221;visible&#8221; gradient_direction=&#8221;left_to_right&#8221; overlay_strength=&#8221;0.3&#8243; width=&#8221;1\/1&#8243; tablet_width_inherit=&#8221;default&#8221; animation_type=&#8221;default&#8221; bg_image_animation=&#8221;none&#8221; border_type=&#8221;simple&#8221; column_border_width=&#8221;none&#8221; column_border_style=&#8221;solid&#8221;][vc_column_text]\n<h4 style=\"text-align: left;\"><span style=\"color: #006efa;\">Wasserversorgung<\/span><\/h4>\n<p style=\"text-align: left;\">Trinkwasserversorgung<\/p>\n[\/vc_column_text][divider line_type=&#8221;Full Width Line&#8221; line_thickness=&#8221;1&#8243; divider_color=&#8221;default&#8221; custom_height=&#8221;15px&#8221;][vc_column_text]\n<h4 style=\"text-align: left;\"><span style=\"color: #006efa;\">M\u00fcllentsorgung<\/span><\/h4>\n<p style=\"text-align: left;\">Sammlung und Verwertung von recycelbarem Material sowie Entsorgung von Restabf\u00e4llen<\/p>\n[\/vc_column_text][divider line_type=&#8221;Full Width Line&#8221; line_thickness=&#8221;1&#8243; divider_color=&#8221;default&#8221; custom_height=&#8221;15px&#8221;][vc_column_text]\n<h4 style=\"text-align: left;\"><span style=\"color: #006efa;\">Stra\u00dfenreinigung<\/span><\/h4>\n<p style=\"text-align: left;\">Maschinelles und manuelles Kehren von Gehwegen, Stra\u00dfen, Pl\u00e4tzen und Radwegen<\/p>\n[\/vc_column_text][divider line_type=&#8221;Full Width Line&#8221; line_thickness=&#8221;1&#8243; divider_color=&#8221;default&#8221; custom_height=&#8221;15px&#8221;][vc_column_text]\n<h4 style=\"text-align: left;\"><span style=\"color: #006efa;\">Abwasser<\/span><\/h4>\n<p style=\"text-align: left;\">Ableitung von Abwasser<\/p>\n[\/vc_column_text][divider line_type=&#8221;Full Width Line&#8221; line_thickness=&#8221;1&#8243; divider_color=&#8221;default&#8221; custom_height=&#8221;15px&#8221;][vc_column_text]\n<h4 style=\"text-align: left;\"><span style=\"color: #006efa;\">Stra\u00dfenbeleuchtung<\/span><\/h4>\n<p style=\"text-align: left;\">Planung, Installation und Wartung der \u00f6ffentlichen Stra\u00dfenbeleuchtung<\/p>\n[\/vc_column_text][divider line_type=&#8221;Full Width Line&#8221; line_thickness=&#8221;1&#8243; divider_color=&#8221;default&#8221; custom_height=&#8221;15px&#8221;][\/vc_column_inner][\/vc_row_inner][\/vc_column][\/vc_row][vc_row type=&#8221;in_container&#8221; full_screen_row_position=&#8221;middle&#8221; column_margin=&#8221;default&#8221; column_direction=&#8221;default&#8221; column_direction_tablet=&#8221;default&#8221; column_direction_phone=&#8221;default&#8221; scene_position=&#8221;center&#8221; top_padding=&#8221;5%&#8221; constrain_group_1=&#8221;yes&#8221; bottom_padding=&#8221;5%&#8221; left_padding_desktop=&#8221;10%&#8221; constrain_group_2=&#8221;yes&#8221; right_padding_desktop=&#8221;10%&#8221; top_padding_phone=&#8221;40px&#8221; text_color=&#8221;dark&#8221; text_align=&#8221;left&#8221; row_border_radius=&#8221;none&#8221; row_border_radius_applies=&#8221;bg&#8221; overflow=&#8221;visible&#8221; overlay_strength=&#8221;0.3&#8243; gradient_direction=&#8221;left_to_right&#8221; shape_divider_position=&#8221;bottom&#8221; bg_image_animation=&#8221;none&#8221; gradient_type=&#8221;default&#8221; shape_type=&#8221;&#8221;][vc_column column_padding=&#8221;no-extra-padding&#8221; column_padding_tablet=&#8221;inherit&#8221; column_padding_phone=&#8221;inherit&#8221; column_padding_position=&#8221;all&#8221; column_element_direction_desktop=&#8221;default&#8221; column_element_spacing=&#8221;default&#8221; desktop_text_alignment=&#8221;default&#8221; tablet_text_alignment=&#8221;default&#8221; phone_text_alignment=&#8221;default&#8221; background_color_opacity=&#8221;1&#8243; background_hover_color_opacity=&#8221;1&#8243; column_backdrop_filter=&#8221;none&#8221; column_shadow=&#8221;none&#8221; column_border_radius=&#8221;none&#8221; column_link_target=&#8221;_self&#8221; column_position=&#8221;default&#8221; gradient_direction=&#8221;left_to_right&#8221; overlay_strength=&#8221;0.3&#8243; width=&#8221;1\/1&#8243; tablet_width_inherit=&#8221;default&#8221; animation_type=&#8221;default&#8221; bg_image_animation=&#8221;none&#8221; border_type=&#8221;simple&#8221; column_border_width=&#8221;none&#8221; column_border_style=&#8221;solid&#8221;][vc_column_text]\n<h3 style=\"text-align: center;\"><span style=\"color: #006efa;\">Bei der Erbringung dieser Dienstleistungen legt die Gesch\u00e4ftsleitung die folgenden Leitwerte fest und \u00fcbernimmt die Verantwortung f\u00fcr ihre Umsetzung, indem sie sie verbreitet und kontinuierlich auf ihre konsistente Anwendung \u00fcberpr\u00fcft.<\/span><\/h3>\n[\/vc_column_text][\/vc_column][\/vc_row][vc_row type=&#8221;in_container&#8221; full_screen_row_position=&#8221;middle&#8221; column_margin=&#8221;default&#8221; column_direction=&#8221;default&#8221; column_direction_tablet=&#8221;default&#8221; column_direction_phone=&#8221;default&#8221; scene_position=&#8221;center&#8221; bottom_padding=&#8221;8%&#8221; left_padding_desktop=&#8221;10%&#8221; constrain_group_2=&#8221;yes&#8221; right_padding_desktop=&#8221;10%&#8221; left_padding_phone=&#8221;0px&#8221; constrain_group_6=&#8221;yes&#8221; right_padding_phone=&#8221;0px&#8221; text_color=&#8221;dark&#8221; text_align=&#8221;left&#8221; row_border_radius=&#8221;none&#8221; row_border_radius_applies=&#8221;bg&#8221; overflow=&#8221;visible&#8221; id=&#8221;leitbild&#8221; overlay_strength=&#8221;0.3&#8243; gradient_direction=&#8221;left_to_right&#8221; shape_divider_position=&#8221;bottom&#8221; bg_image_animation=&#8221;none&#8221; gradient_type=&#8221;default&#8221; shape_type=&#8221;&#8221;][vc_column column_padding=&#8221;no-extra-padding&#8221; column_padding_tablet=&#8221;inherit&#8221; column_padding_phone=&#8221;inherit&#8221; column_padding_position=&#8221;all&#8221; column_element_direction_desktop=&#8221;default&#8221; column_element_spacing=&#8221;default&#8221; desktop_text_alignment=&#8221;default&#8221; tablet_text_alignment=&#8221;default&#8221; phone_text_alignment=&#8221;default&#8221; background_color_opacity=&#8221;1&#8243; background_hover_color_opacity=&#8221;1&#8243; column_backdrop_filter=&#8221;none&#8221; column_shadow=&#8221;none&#8221; column_border_radius=&#8221;none&#8221; column_link_target=&#8221;_self&#8221; column_position=&#8221;default&#8221; gradient_direction=&#8221;left_to_right&#8221; overlay_strength=&#8221;0.3&#8243; width=&#8221;1\/1&#8243; tablet_width_inherit=&#8221;default&#8221; animation_type=&#8221;default&#8221; bg_image_animation=&#8221;none&#8221; border_type=&#8221;simple&#8221; column_border_width=&#8221;none&#8221; column_border_style=&#8221;solid&#8221;][toggles style=&#8221;minimal&#8221; accordion=&#8221;true&#8221; accordion_starting_functionality=&#8221;default&#8221;][toggle color=&#8221;Default&#8221; heading_tag=&#8221;default&#8221; heading_tag_functionality=&#8221;default&#8221; title=&#8221;Wirtschaftliche Nachhaltigkeit von Dienstleistungen&#8221;][vc_column_text]\n<ul>\n<li>Wir bieten unseren B\u00fcrgerinnen und B\u00fcrgern bestm\u00f6gliche Dienstleistungen zum besten Preis-Leistungs-Verh\u00e4ltnis, wobei der Preis den Gemeindetarifen entspricht.<\/li>\n<li>Wir setzen uns f\u00fcr die kontinuierliche Sicherung und Steigerung der Qualit\u00e4t der bereitgestellten Dienstleistungen unter Einhaltung der in der Dienstleistungscharta festgelegten Vorgaben ein. Dabei bem\u00fchen wir uns stets, die Kosten so gering wie m\u00f6glich halten, unter anderem durch die Einf\u00fchrung neuer Technologien.<\/li>\n<li>Wir definieren und gestalten Unternehmensabl\u00e4ufe nach den Kriterien der Wirksamkeit, Effizienz und Wirtschaftlichkeit, um so eine Deckung der Unternehmenskosten durch die Abgaben zu gew\u00e4hrleisten.<\/li>\n<\/ul>\n[\/vc_column_text][\/toggle][toggle color=&#8221;Default&#8221; heading_tag=&#8221;default&#8221; heading_tag_functionality=&#8221;default&#8221; title=&#8221;Wert unserer st\u00e4dtischen Infrastrukturen&#8221;][vc_column_text]\n<ul>\n<li>Bei Investitionsprojekten w\u00e4hlen wir die besten Technologien am Markt, um den Wert der uns anvertrauten st\u00e4dtischen Infrastruktur zu erhalten und zu steigern.<\/li>\n<li>Wir betrachten das \u00f6kologische Erbe der Stadt Meran als prim\u00e4res materielles und immaterielles Gut, das wir f\u00fcr die Einwohner und Unternehmen der Stadt sch\u00fctzen und erhalten wollen. Wir investieren in Ressourcen und Know-how, um Trinkwasser in ausreichender Qualit\u00e4t und Menge bereitzustellen, Abwasser ordnungsgem\u00e4\u00df abzuleiten und die Funktionalit\u00e4t und Sicherheit der \u00f6ffentlichen Beleuchtung kontinuierlich zu verbessern.<\/li>\n<\/ul>\n[\/vc_column_text][\/toggle][toggle color=&#8221;Default&#8221; heading_tag=&#8221;default&#8221; heading_tag_functionality=&#8221;default&#8221; title=&#8221;Einhaltung gesetzlicher Vorschriften&#8221;][vc_column_text]\n<ul>\n<li>Wir stellen sicher, dass alle geltenden Produkt-\/Dienstleistungs-, Umwelt- und Arbeitsschutzgesetze sowie alle anderen Anforderungen, zu denen sich das Unternehmen verpflichtet hat, eingehalten werden.<\/li>\n<\/ul>\n[\/vc_column_text][\/toggle][toggle color=&#8221;Default&#8221; heading_tag=&#8221;default&#8221; heading_tag_functionality=&#8221;default&#8221; title=&#8221;Im Dienste f\u00fcr Kundinnen\/Kunden, Mitarbeiterinnen\/Mitarbeiter und andere interessierte Parteien (Stakeholder)&#8221;][vc_column_text]\n<ul>\n<li>Wir analysieren regelm\u00e4\u00dfig den Unternehmenskontext sowie die Bed\u00fcrfnisse und Erwartungen der betreffenden Parteien (z. B. Beh\u00f6rden, Umweltverb\u00e4nde, Verbraucherschutzverb\u00e4nde, B\u00fcrgerinitiativen, \u00f6ffentliche und private Einrichtungen) und sehen uns verpflichtet, deren Anliegen bei der Festlegung von Zielen zur Optimierung der Dienste sowie der entsprechenden Leistungsstandards zu ber\u00fccksichtigen.<\/li>\n<li>Wir f\u00f6rdern die Beteiligung der B\u00fcrgerinnen und B\u00fcrger sowie unserer Mitarbeiterinnen und Mitarbeiter an der Gestaltung unserer Dienstleistungen.<\/li>\n<li>Wir verpflichten uns, alle Anspruchsgruppen unparteiisch, korrekt und transparent zu behandeln und halten die Vorgaben unseres Verhaltenskodexes und der Dienstleistungscharta strikt ein.<\/li>\n<li>Wir f\u00f6rdern die Beziehungen zu unserem Hauptansprechpartner, der Gemeinde Meran, und verpflichten uns zur Umsetzung der Vorgaben aus den Dienstleistungsvertr\u00e4gen.<\/li>\n<li>Wir nutzen die bestehenden Kan\u00e4le zur Kommunikation mit den B\u00fcrgerinnen und B\u00fcrgern, um unserer Informationspflicht nachzukommen und die Dienstleistungstarife transparent zu gestalten. Auf diese Weise m\u00f6chten wir eine verantwortungsbewusste Nutzung der Wasserressourcen f\u00f6rdern, Verschwendung reduzieren und die durch unsere Versorgungsleistungen entstehenden Umweltauswirkungen mindern.<\/li>\n<li>Wir betrachten den Beitrag unserer Mitarbeiterinnen und Mitarbeiter als einen entscheidenden Faktor f\u00fcr das Erreichen der Unternehmensziele. Wir f\u00f6rdern die Weiterentwicklung ihrer fachlichen und sozialen Kompetenzen durch Schulungen, sodass sie den t\u00e4glichen Herausforderungen ihrer Arbeit gewachsen sind, den bestm\u00f6glichen Beitrag leisten k\u00f6nnen und in ihrer beruflichen T\u00e4tigkeit Zufriedenheit finden.<\/li>\n<li>Wir f\u00f6rdern durch unser Handeln eine Kultur der Chancengleichheit.<\/li>\n<\/ul>\n[\/vc_column_text][\/toggle][toggle color=&#8221;Default&#8221; heading_tag=&#8221;default&#8221; heading_tag_functionality=&#8221;default&#8221; title=&#8221;Innovation und nachhaltige Entwicklung&#8221;][vc_column_text]\n<ul>\n<li>Wir ber\u00fccksichtigen den Klimawandel und handeln aktiv, um seine Auswirkungen auf die Stadt zu mindern und seine Ursachen zu bek\u00e4mpfen.<\/li>\n<li>Wir unterst\u00fctzen Initiativen zur Abfallvermeidung sowie zur F\u00f6rderung der Abfalltrennung.<\/li>\n<li>Wir verpflichten uns, bei der Instandhaltung der \u00f6ffentlichen Beleuchtung die innovativsten am Markt verf\u00fcgbaren L\u00f6sungen einzusetzen, um Energie zu sparen und die Lichtverschmutzung zu reduzieren.<\/li>\n<\/ul>\n[\/vc_column_text][\/toggle][toggle color=&#8221;Default&#8221; heading_tag=&#8221;default&#8221; heading_tag_functionality=&#8221;default&#8221; title=&#8221;Schutz der Gesundheit und der Umwelt&#8221;][vc_column_text]\n<ul>\n<li>Wir betrachten das Umwelt- und Arbeitsschutzmanagement und seine Ergebnisse als selbstverst\u00e4ndlichen Teil der Unternehmensf\u00fchrung. Wir formulieren Ziele und Vorgaben, setzen sie um, \u00fcberwachen den Fortschritt der Programme kontinuierlich und ergreifen gegebenenfalls Korrekturma\u00dfnahmen.<\/li>\n<li>Wir r\u00e4umen pr\u00e4ventiven Ma\u00dfnahmen und internen Untersuchungen zum Schutz der Gesundheit und Sicherheit unserer Mitarbeitenden Priorit\u00e4t ein, um das Risiko von Unf\u00e4llen und insbesondere von Verletzungen weitestgehend zu reduzieren.<\/li>\n<li>Wir f\u00f6rdern den Schutz und die Regeneration der Umwelt sowie eine umsichtige Nutzung der nat\u00fcrlichen Ressourcen.<\/li>\n<li>Wir stellen sicher, dass die notwendigen Ressourcen f\u00fcr die Aufrechterhaltung der Versorgung zur Verf\u00fcgung stehen, die geforderten Standards eingehalten und die besten wirtschaftlich vertr\u00e4glichen Technologien eingesetzt werden, um jede Form von Verschmutzung und Gefahren f\u00fcr den Menschen zu unterbinden. Insbesondere werden T\u00e4tigkeiten, Dienstleistungen, Arbeitspl\u00e4tze, Arbeitsweisen und organisatorische Abl\u00e4ufe so gestaltet, dass die Gesundheit von Arbeitnehmern, Dritten und der Allgemeinheit gesch\u00fctzt wird.<\/li>\n<li>Wir streben eine st\u00e4ndige Verbesserung der Unternehmensleistung an, auch in den Bereichen Umwelt und Arbeitssicherheit.<\/li>\n<li>Wir tragen zum Umweltschutz bei, indem wir folgende Aspekte unserer Gesch\u00e4ftsprozesse regelm\u00e4\u00dfig bewerten:\n<ul>\n<li>Reduzierung der Umweltauswirkungen (Abfallproduktion, Umgang mit nat\u00fcrlichen Ressourcen usw.) in allen Phasen des Lebenszyklus von Produkten\/Dienstleistungen;<\/li>\n<li>Optimierte Nutzung von Energieressourcen, Vermeidung von Verschwendung, Senkung des Verbrauchs sowie Nutzung der besten verf\u00fcgbaren Technologien;<\/li>\n<li>Umstellung auf alternative Energieformen mit geringer Umweltbelastung, wo immer es m\u00f6glich ist.<\/li>\n<\/ul>\n<\/li>\n<\/ul>\n[\/vc_column_text][\/toggle][toggle color=&#8221;Default&#8221; heading_tag=&#8221;default&#8221; heading_tag_functionality=&#8221;default&#8221; title=&#8221;Grunds\u00e4tze unseres Prozess- und Risikomanagements&#8221;][vc_column_text]\n<ul>\n<li>Unser Managementansatz basiert auf einer Analyse und Bewertung von Prozessen nach dem Ansatz des risikobasierten Denkens (RBT). Auf diese Weise wollen wir die am besten geeigneten Ma\u00dfnahmen zur Bewertung und Handhabung der mit den Prozessen verbundenen Risiken ergreifen, ermittelte Chancen bestm\u00f6glich nutzen und auf allen Ebenen einen proaktiven Umgang mit Risiken f\u00f6rdern.<\/li>\n<\/ul>\n[\/vc_column_text][\/toggle][\/toggles][divider line_type=&#8221;No Line&#8221; custom_height=&#8221;50px&#8221;][vc_column_text]Um diese Ziele zu erreichen, hat das Unternehmen ein integriertes Managementsystem f\u00fcr Qualit\u00e4t (gem\u00e4\u00df ISO 9001:2015), Umwelt (gem\u00e4\u00df ISO 14001:2015) und Sicherheit (gem\u00e4\u00df der aktuellen ISO-Norm 45001:2018) sowie ein Organisationsmodell im Sinne der Gesetzesverordnung D.Lgs. 231\/2001 eingef\u00fchrt, das st\u00e4ndig aktualisiert und optimiert wird.<\/p>\n<p>Diese Richtlinie wird an alle Mitarbeiterinnen und Mitarbeiter weitergegeben.<\/p>\n<p>Genehmigt durch den Verwaltungsrat mit Beschlu\u00df Nr. 60 vom 31.05.2021[\/vc_column_text][\/vc_column][\/vc_row][vc_row type=&#8221;in_container&#8221; full_screen_row_position=&#8221;middle&#8221; column_margin=&#8221;default&#8221; column_direction=&#8221;default&#8221; column_direction_tablet=&#8221;default&#8221; column_direction_phone=&#8221;default&#8221; scene_position=&#8221;center&#8221; text_color=&#8221;dark&#8221; text_align=&#8221;left&#8221; row_border_radius=&#8221;none&#8221; row_border_radius_applies=&#8221;bg&#8221; overflow=&#8221;visible&#8221; overlay_strength=&#8221;0.3&#8243; gradient_direction=&#8221;left_to_right&#8221; shape_divider_position=&#8221;bottom&#8221; bg_image_animation=&#8221;none&#8221;][vc_column column_padding=&#8221;no-extra-padding&#8221; column_padding_tablet=&#8221;inherit&#8221; column_padding_phone=&#8221;inherit&#8221; column_padding_position=&#8221;all&#8221; column_element_direction_desktop=&#8221;default&#8221; column_element_spacing=&#8221;default&#8221; desktop_text_alignment=&#8221;default&#8221; tablet_text_alignment=&#8221;default&#8221; phone_text_alignment=&#8221;default&#8221; background_color_opacity=&#8221;1&#8243; background_hover_color_opacity=&#8221;1&#8243; column_backdrop_filter=&#8221;none&#8221; column_shadow=&#8221;none&#8221; column_border_radius=&#8221;none&#8221; column_link_target=&#8221;_self&#8221; column_position=&#8221;default&#8221; gradient_direction=&#8221;left_to_right&#8221; overlay_strength=&#8221;0.3&#8243; width=&#8221;1\/1&#8243; tablet_width_inherit=&#8221;default&#8221; animation_type=&#8221;default&#8221; bg_image_animation=&#8221;none&#8221; border_type=&#8221;simple&#8221; column_border_width=&#8221;none&#8221; column_border_style=&#8221;solid&#8221;][vc_column_text]\n[\/vc_column_text][\/vc_column][\/vc_row][vc_row type=&#8221;in_container&#8221; full_screen_row_position=&#8221;middle&#8221; column_margin=&#8221;default&#8221; column_direction=&#8221;default&#8221; column_direction_tablet=&#8221;default&#8221; column_direction_phone=&#8221;default&#8221; scene_position=&#8221;center&#8221; constrain_group_1=&#8221;yes&#8221; left_padding_desktop=&#8221;10%&#8221; constrain_group_2=&#8221;yes&#8221; right_padding_desktop=&#8221;10%&#8221; top_padding_phone=&#8221;40px&#8221; text_color=&#8221;dark&#8221; text_align=&#8221;left&#8221; row_border_radius=&#8221;none&#8221; row_border_radius_applies=&#8221;bg&#8221; overflow=&#8221;visible&#8221; overlay_strength=&#8221;0.3&#8243; gradient_direction=&#8221;left_to_right&#8221; shape_divider_position=&#8221;bottom&#8221; bg_image_animation=&#8221;none&#8221; gradient_type=&#8221;default&#8221; shape_type=&#8221;&#8221;][vc_column column_padding=&#8221;no-extra-padding&#8221; column_padding_tablet=&#8221;inherit&#8221; column_padding_phone=&#8221;inherit&#8221; column_padding_position=&#8221;all&#8221; column_element_direction_desktop=&#8221;default&#8221; column_element_spacing=&#8221;default&#8221; desktop_text_alignment=&#8221;default&#8221; tablet_text_alignment=&#8221;default&#8221; phone_text_alignment=&#8221;default&#8221; background_color_opacity=&#8221;1&#8243; background_hover_color_opacity=&#8221;1&#8243; column_backdrop_filter=&#8221;none&#8221; column_shadow=&#8221;none&#8221; column_border_radius=&#8221;none&#8221; column_link_target=&#8221;_self&#8221; column_position=&#8221;default&#8221; gradient_direction=&#8221;left_to_right&#8221; overlay_strength=&#8221;0.3&#8243; width=&#8221;1\/1&#8243; tablet_width_inherit=&#8221;default&#8221; animation_type=&#8221;default&#8221; bg_image_animation=&#8221;none&#8221; border_type=&#8221;simple&#8221; column_border_width=&#8221;none&#8221; column_border_style=&#8221;solid&#8221;][vc_column_text]\n","protected":false},"excerpt":{"rendered":"<p>[vc_row type=&#8221;full_width_background&#8221; full_screen_row_position=&#8221;middle&#8221; column_margin=&#8221;default&#8221; column_direction=&#8221;default&#8221; column_direction_tablet=&#8221;default&#8221; column_direction_phone=&#8221;default&#8221; bg_color=&#8221;#f0f0f0&#8243; scene_position=&#8221;center&#8221; top_padding=&#8221;5%&#8221; bottom_padding=&#8221;8%&#8221; top_padding_phone=&#8221;40px&#8221; text_color=&#8221;dark&#8221; text_align=&#8221;center&#8221; row_border_radius=&#8221;none&#8221; row_border_radius_applies=&#8221;bg&#8221; overflow=&#8221;visible&#8221; overlay_strength=&#8221;0.3&#8243; gradient_direction=&#8221;left_to_right&#8221; shape_divider_position=&#8221;bottom&#8221; bg_image_animation=&#8221;none&#8221; gradient_type=&#8221;default&#8221; shape_type=&#8221;&#8221;][vc_column column_padding=&#8221;no-extra-padding&#8221; column_padding_tablet=&#8221;inherit&#8221; column_padding_phone=&#8221;inherit&#8221; column_padding_position=&#8221;all&#8221; column_element_direction_desktop=&#8221;default&#8221; column_element_spacing=&#8221;default&#8221; desktop_text_alignment=&#8221;default&#8221;&#8230;<\/p>\n","protected":false},"author":10,"featured_media":0,"parent":0,"menu_order":0,"comment_status":"closed","ping_status":"closed","template":"","meta":{"_acf_changed":false,"footnotes":""},"class_list":["post-1315","page","type-page","status-publish"],"acf":[],"_links":{"self":[{"href":"https:\/\/swmeran.it\/de\/wp-json\/wp\/v2\/pages\/1315","targetHints":{"allow":["GET"]}}],"collection":[{"href":"https:\/\/swmeran.it\/de\/wp-json\/wp\/v2\/pages"}],"about":[{"href":"https:\/\/swmeran.it\/de\/wp-json\/wp\/v2\/types\/page"}],"author":[{"embeddable":true,"href":"https:\/\/swmeran.it\/de\/wp-json\/wp\/v2\/users\/10"}],"replies":[{"embeddable":true,"href":"https:\/\/swmeran.it\/de\/wp-json\/wp\/v2\/comments?post=1315"}],"version-history":[{"count":14,"href":"https:\/\/swmeran.it\/de\/wp-json\/wp\/v2\/pages\/1315\/revisions"}],"predecessor-version":[{"id":6736,"href":"https:\/\/swmeran.it\/de\/wp-json\/wp\/v2\/pages\/1315\/revisions\/6736"}],"wp:attachment":[{"href":"https:\/\/swmeran.it\/de\/wp-json\/wp\/v2\/media?parent=1315"}],"curies":[{"name":"wp","href":"https:\/\/api.w.org\/{rel}","templated":true}]}}