{"id":1290,"date":"2023-11-06T19:55:58","date_gmt":"2023-11-06T18:55:58","guid":{"rendered":"https:\/\/swmeran.it\/fornitori\/"},"modified":"2026-01-13T08:55:45","modified_gmt":"2026-01-13T07:55:45","slug":"lieferanten","status":"publish","type":"page","link":"https:\/\/swmeran.it\/de\/lieferanten\/","title":{"rendered":"Lieferanten"},"content":{"rendered":"[vc_row type=&#8221;in_container&#8221; full_screen_row_position=&#8221;middle&#8221; column_margin=&#8221;default&#8221; column_direction=&#8221;default&#8221; column_direction_tablet=&#8221;default&#8221; column_direction_phone=&#8221;default&#8221; scene_position=&#8221;center&#8221; bottom_padding=&#8221;30px&#8221; text_color=&#8221;dark&#8221; text_align=&#8221;left&#8221; row_border_radius=&#8221;none&#8221; row_border_radius_applies=&#8221;bg&#8221; overflow=&#8221;visible&#8221; overlay_strength=&#8221;0.3&#8243; gradient_direction=&#8221;left_to_right&#8221; shape_divider_position=&#8221;bottom&#8221; bg_image_animation=&#8221;none&#8221; gradient_type=&#8221;default&#8221; shape_type=&#8221;&#8221;][vc_column column_padding=&#8221;no-extra-padding&#8221; column_padding_tablet=&#8221;inherit&#8221; column_padding_phone=&#8221;inherit&#8221; column_padding_position=&#8221;all&#8221; column_element_direction_desktop=&#8221;default&#8221; column_element_spacing=&#8221;default&#8221; desktop_text_alignment=&#8221;default&#8221; tablet_text_alignment=&#8221;default&#8221; phone_text_alignment=&#8221;default&#8221; background_color_opacity=&#8221;1&#8243; background_hover_color_opacity=&#8221;1&#8243; column_backdrop_filter=&#8221;none&#8221; column_shadow=&#8221;none&#8221; column_border_radius=&#8221;none&#8221; column_link_target=&#8221;_self&#8221; column_position=&#8221;default&#8221; gradient_direction=&#8221;left_to_right&#8221; overlay_strength=&#8221;0.3&#8243; width=&#8221;1\/1&#8243; tablet_width_inherit=&#8221;default&#8221; animation_type=&#8221;default&#8221; bg_image_animation=&#8221;none&#8221; border_type=&#8221;simple&#8221; column_border_width=&#8221;none&#8221; column_border_style=&#8221;solid&#8221;][divider line_type=&#8221;Full Width Line&#8221; line_thickness=&#8221;2&#8243; divider_color=&#8221;black&#8221; custom_height=&#8221;30px&#8221;][vc_column_text]\n<h1>Lieferanten<\/h1>\n[\/vc_column_text][\/vc_column][\/vc_row][vc_row type=&#8221;in_container&#8221; full_screen_row_position=&#8221;middle&#8221; column_margin=&#8221;default&#8221; column_direction=&#8221;default&#8221; column_direction_tablet=&#8221;default&#8221; column_direction_phone=&#8221;default&#8221; scene_position=&#8221;center&#8221; bottom_padding=&#8221;4%&#8221; left_padding_desktop=&#8221;15%&#8221; constrain_group_2=&#8221;yes&#8221; right_padding_desktop=&#8221;15%&#8221; left_padding_phone=&#8221;0px&#8221; constrain_group_6=&#8221;yes&#8221; right_padding_phone=&#8221;0px&#8221; text_color=&#8221;dark&#8221; text_align=&#8221;left&#8221; row_border_radius=&#8221;none&#8221; row_border_radius_applies=&#8221;bg&#8221; overflow=&#8221;visible&#8221; overlay_strength=&#8221;0.3&#8243; gradient_direction=&#8221;left_to_right&#8221; shape_divider_position=&#8221;bottom&#8221; bg_image_animation=&#8221;none&#8221; gradient_type=&#8221;default&#8221; shape_type=&#8221;&#8221;][vc_column column_padding=&#8221;no-extra-padding&#8221; column_padding_tablet=&#8221;inherit&#8221; column_padding_phone=&#8221;inherit&#8221; column_padding_position=&#8221;all&#8221; column_element_direction_desktop=&#8221;default&#8221; column_element_spacing=&#8221;default&#8221; desktop_text_alignment=&#8221;default&#8221; tablet_text_alignment=&#8221;default&#8221; phone_text_alignment=&#8221;default&#8221; background_color_opacity=&#8221;1&#8243; background_hover_color_opacity=&#8221;1&#8243; column_backdrop_filter=&#8221;none&#8221; column_shadow=&#8221;none&#8221; column_border_radius=&#8221;none&#8221; column_link_target=&#8221;_self&#8221; column_position=&#8221;default&#8221; gradient_direction=&#8221;left_to_right&#8221; overlay_strength=&#8221;0.3&#8243; width=&#8221;1\/1&#8243; tablet_width_inherit=&#8221;default&#8221; animation_type=&#8221;default&#8221; bg_image_animation=&#8221;none&#8221; border_type=&#8221;simple&#8221; column_border_width=&#8221;none&#8221; column_border_style=&#8221;solid&#8221;][vc_column_text]\n<h4>Verbindliche Angabe des CIG in den Rechnungen<\/h4>\n<p>Die Stadtwerke Meran AG ist eine \u00f6ffentlich beteiligte Gesellschaft und unterliegt daher den Entscheidungen der Agentur der Einnahmen, welche mitgeteilt hat, dass die elektronischen Rechnungen CIG und\/oder CUP enthalten m\u00fcssen, damit sie bezahlt werden k\u00f6nnen.<\/p>\n<p>Der Lieferant muss daher bei Ausstellung der Rechnung den CIG und\/oder CUP in das daf\u00fcr vorgesehene Feld eintragen.<\/p>\n<p>Ohne vollst\u00e4ndige Angabe dieser Daten k\u00f6nnen die Rechnungen in Zukunft nicht mehr bezahlt werden.<\/p>\n<p>F\u00fcr zus\u00e4tzliche Informationen stehen wir unter\u00a0<a href=\"mailto:info@swmeran.it\">info@swmeran.it<\/a>\u00a0 zur Verf\u00fcgung.<\/p>\n<h4>Empf\u00e4ngerkodex<\/h4>\n<h4>Der neue SDI-Code f\u00fcr die STADTWERKE MERAN AG lautet ab 1. J\u00e4nner 2026: T04ZHR3<\/h4>\n<h4>Pflicht zur elektronischen Fakturierung ab 1. Juli 2018<\/h4>\n<p>Bzgl. der Pflicht zur elektronischen Fakturierung ab dem 01-07-2018 von Leistungen, die durch Subunternehmen der Vertragskette im Rahmen eines durch Ausschreibung vergebenen Auftrags mit der \u00f6ffentlichen Verwaltung \u00fcber Arbeiten, Leistungen und Lieferungen, erbracht werden, teilen wir mit, dass laut Klarstellung durch die Agentur der Einnahmen, diese Pflicht zur <strong>ELEKTRONISCHEN FAKTURIERUNG AB 01-07-2018 NICHT BESTEHT<\/strong>, wenn an der Spitze der Vertragskette keine \u00f6ffentliche K\u00f6rperschaft steht, sondern ein Auftraggeber, der von \u00f6ffentlichen K\u00f6rperschaften beherrscht wird, so wie in unserem Fall. Die Pflicht zur elektronischen Fakturierung ab dem 01-07-2018 besteht nur im dann, wenn die Vergabe durch eine \u00f6ffentliche Verwaltung im engen Sinn der Bezeichnung erfolgt.<\/p>\n<p><strong>ZUSAMMENFASSEND: BIS ZUM 01-01-2019 UNTERLIEGT DIE STADTWERKE MERAN AG NICHT DER ELEKTRONISCHEN FAKTURIERUNG.<\/strong><\/p>\n<p>&nbsp;<\/p>\n<p><strong>Split payment und elektronische Rechnung an \u00f6ffentliche Verwaltungen<\/strong><\/p>\n<p>Im Hinblick auf die Regelung des SPLIT PAYMENT, in Anwendung des MwSt.-Gesetzes Nr. 633\/1972 Art. 17-ter, unterliegt die Stadtwerke Meran AG ab 01.07.2017 dem Verfahren der geteilten Zahlung.[\/vc_column_text][\/vc_column][\/vc_row][vc_row type=&#8221;in_container&#8221; full_screen_row_position=&#8221;middle&#8221; column_margin=&#8221;default&#8221; column_direction=&#8221;default&#8221; column_direction_tablet=&#8221;default&#8221; column_direction_phone=&#8221;default&#8221; scene_position=&#8221;center&#8221; bottom_padding=&#8221;8%&#8221; left_padding_desktop=&#8221;15%&#8221; constrain_group_2=&#8221;yes&#8221; right_padding_desktop=&#8221;15%&#8221; left_padding_phone=&#8221;0px&#8221; constrain_group_6=&#8221;yes&#8221; right_padding_phone=&#8221;0px&#8221; text_color=&#8221;dark&#8221; text_align=&#8221;left&#8221; row_border_radius=&#8221;none&#8221; row_border_radius_applies=&#8221;bg&#8221; overflow=&#8221;visible&#8221; overlay_strength=&#8221;0.3&#8243; gradient_direction=&#8221;left_to_right&#8221; shape_divider_position=&#8221;bottom&#8221; bg_image_animation=&#8221;none&#8221; gradient_type=&#8221;default&#8221; shape_type=&#8221;&#8221;][vc_column column_padding=&#8221;no-extra-padding&#8221; column_padding_tablet=&#8221;inherit&#8221; column_padding_phone=&#8221;inherit&#8221; column_padding_position=&#8221;all&#8221; column_element_direction_desktop=&#8221;default&#8221; column_element_spacing=&#8221;default&#8221; desktop_text_alignment=&#8221;default&#8221; tablet_text_alignment=&#8221;default&#8221; phone_text_alignment=&#8221;default&#8221; background_color_opacity=&#8221;1&#8243; background_hover_color_opacity=&#8221;1&#8243; column_backdrop_filter=&#8221;none&#8221; column_shadow=&#8221;none&#8221; column_border_radius=&#8221;none&#8221; column_link_target=&#8221;_self&#8221; column_position=&#8221;default&#8221; gradient_direction=&#8221;left_to_right&#8221; overlay_strength=&#8221;0.3&#8243; width=&#8221;1\/1&#8243; tablet_width_inherit=&#8221;default&#8221; animation_type=&#8221;default&#8221; bg_image_animation=&#8221;none&#8221; border_type=&#8221;simple&#8221; column_border_width=&#8221;none&#8221; column_border_style=&#8221;solid&#8221;][vc_column_text]\n<h4 style=\"font-weight: 400;\"><strong>LIEFERANTENVERZEICHNIS<\/strong><\/h4>\n<p style=\"font-weight: 400;\">Wir informieren Sie dar\u00fcber, dass das Lieferantenverzeichnis, laut Beschluss des Verwaltungsrates Nr. 97 vom 23.10.2023, mit sofortiger Wirkung abgeschafft wurde.<\/p>\n<p style=\"font-weight: 400;\">F\u00fcr die Beschaffung von Dienstleistungen, Lieferungen und Arbeiten wird die Stadtwerke Meran AG das telematische Verzeichnis der Wirtschaftsteilnehmer der Autonomen Provinz Bozen nutzen.<\/p>\n<p style=\"font-weight: 400;\">Sie k\u00f6nnen sich unter folgendem Link anmelden:\u00a0<a href=\"https:\/\/ausschreibungen-suedtirol.it\/\" data-saferedirecturl=\"https:\/\/www.google.com\/url?q=https:\/\/ausschreibungen-suedtirol.it\/&amp;source=gmail&amp;ust=1708079719098000&amp;usg=AOvVaw2p_bQCN6bMukCoZM2Zntwq\" target=\"_blank\" rel=\"noopener\">https:\/\/ausschreibungen-suedtirol.it<\/a>.<\/p>\n[\/vc_column_text][\/vc_column][\/vc_row][vc_row type=&#8221;in_container&#8221; full_screen_row_position=&#8221;middle&#8221; column_margin=&#8221;default&#8221; column_direction=&#8221;default&#8221; column_direction_tablet=&#8221;default&#8221; column_direction_phone=&#8221;default&#8221; bg_color=&#8221;#f0f0f0&#8243; scene_position=&#8221;center&#8221; top_padding=&#8221;5%&#8221; constrain_group_1=&#8221;yes&#8221; bottom_padding=&#8221;5%&#8221; text_color=&#8221;dark&#8221; text_align=&#8221;center&#8221; row_border_radius=&#8221;none&#8221; row_border_radius_applies=&#8221;bg&#8221; overflow=&#8221;visible&#8221; overlay_strength=&#8221;0.3&#8243; gradient_direction=&#8221;left_to_right&#8221; shape_divider_position=&#8221;bottom&#8221; bg_image_animation=&#8221;none&#8221; gradient_type=&#8221;default&#8221; shape_type=&#8221;&#8221;][vc_column column_padding=&#8221;no-extra-padding&#8221; column_padding_tablet=&#8221;inherit&#8221; column_padding_phone=&#8221;padding-3-percent&#8221; column_padding_position=&#8221;all&#8221; column_element_direction_desktop=&#8221;default&#8221; column_element_spacing=&#8221;default&#8221; desktop_text_alignment=&#8221;default&#8221; tablet_text_alignment=&#8221;default&#8221; phone_text_alignment=&#8221;default&#8221; background_color_opacity=&#8221;1&#8243; background_hover_color_opacity=&#8221;1&#8243; column_backdrop_filter=&#8221;none&#8221; column_shadow=&#8221;none&#8221; column_border_radius=&#8221;none&#8221; column_link_target=&#8221;_self&#8221; column_position=&#8221;default&#8221; gradient_direction=&#8221;left_to_right&#8221; overlay_strength=&#8221;0.3&#8243; width=&#8221;1\/1&#8243; tablet_width_inherit=&#8221;default&#8221; animation_type=&#8221;default&#8221; bg_image_animation=&#8221;none&#8221; border_type=&#8221;simple&#8221; column_border_width=&#8221;none&#8221; column_border_style=&#8221;solid&#8221; column_padding_type=&#8221;default&#8221; gradient_type=&#8221;default&#8221;][vc_column_text]\n<h3><span style=\"color: #006efa;\">Informationen zur Verarbeitung personenbezogener Daten f\u00fcr Lieferanten<\/span><\/h3>\n[\/vc_column_text][divider line_type=&#8221;No Line&#8221; custom_height=&#8221;25px&#8221;][nectar_btn size=&#8221;large&#8221; open_new_tab=&#8221;true&#8221; button_style=&#8221;regular&#8221; button_color_2=&#8221;Accent-Color&#8221; icon_family=&#8221;none&#8221; text=&#8221;Lesen Sie die Bestimmungen&#8221; url=&#8221;https:\/\/swmeran.it\/wp-content\/uploads\/Fornitori\/INFORMATIVA-IN-MERITO-AL-TRATTAMENTO-DEI-DATI-FORNITORI.pdf&#8221;][\/vc_column][\/vc_row]\n","protected":false},"excerpt":{"rendered":"<p>[vc_row type=&#8221;in_container&#8221; full_screen_row_position=&#8221;middle&#8221; column_margin=&#8221;default&#8221; column_direction=&#8221;default&#8221; column_direction_tablet=&#8221;default&#8221; column_direction_phone=&#8221;default&#8221; scene_position=&#8221;center&#8221; bottom_padding=&#8221;30px&#8221; text_color=&#8221;dark&#8221; text_align=&#8221;left&#8221; row_border_radius=&#8221;none&#8221; row_border_radius_applies=&#8221;bg&#8221; overflow=&#8221;visible&#8221; overlay_strength=&#8221;0.3&#8243; gradient_direction=&#8221;left_to_right&#8221; shape_divider_position=&#8221;bottom&#8221; bg_image_animation=&#8221;none&#8221; gradient_type=&#8221;default&#8221; shape_type=&#8221;&#8221;][vc_column column_padding=&#8221;no-extra-padding&#8221; column_padding_tablet=&#8221;inherit&#8221; column_padding_phone=&#8221;inherit&#8221; column_padding_position=&#8221;all&#8221; column_element_direction_desktop=&#8221;default&#8221; column_element_spacing=&#8221;default&#8221; desktop_text_alignment=&#8221;default&#8221; tablet_text_alignment=&#8221;default&#8221; phone_text_alignment=&#8221;default&#8221; background_color_opacity=&#8221;1&#8243;&#8230;<\/p>\n","protected":false},"author":10,"featured_media":0,"parent":0,"menu_order":0,"comment_status":"closed","ping_status":"closed","template":"","meta":{"_acf_changed":false,"footnotes":""},"class_list":["post-1290","page","type-page","status-publish"],"acf":[],"_links":{"self":[{"href":"https:\/\/swmeran.it\/de\/wp-json\/wp\/v2\/pages\/1290","targetHints":{"allow":["GET"]}}],"collection":[{"href":"https:\/\/swmeran.it\/de\/wp-json\/wp\/v2\/pages"}],"about":[{"href":"https:\/\/swmeran.it\/de\/wp-json\/wp\/v2\/types\/page"}],"author":[{"embeddable":true,"href":"https:\/\/swmeran.it\/de\/wp-json\/wp\/v2\/users\/10"}],"replies":[{"embeddable":true,"href":"https:\/\/swmeran.it\/de\/wp-json\/wp\/v2\/comments?post=1290"}],"version-history":[{"count":8,"href":"https:\/\/swmeran.it\/de\/wp-json\/wp\/v2\/pages\/1290\/revisions"}],"predecessor-version":[{"id":17270,"href":"https:\/\/swmeran.it\/de\/wp-json\/wp\/v2\/pages\/1290\/revisions\/17270"}],"wp:attachment":[{"href":"https:\/\/swmeran.it\/de\/wp-json\/wp\/v2\/media?parent=1290"}],"curies":[{"name":"wp","href":"https:\/\/api.w.org\/{rel}","templated":true}]}}